{"id":1379,"date":"2019-09-21T17:37:30","date_gmt":"2019-09-21T15:37:30","guid":{"rendered":"https:\/\/new.alberglarapita.com\/entorno\/"},"modified":"2019-09-22T09:18:45","modified_gmt":"2019-09-22T07:18:45","slug":"entorno","status":"publish","type":"page","link":"https:\/\/alberglarapita.com\/es\/entorno\/","title":{"rendered":"Entorno"},"content":{"rendered":"<div class=\"wpb-content-wrapper\"><p>[vc_row wrap_container=\u00bbyes\u00bb][vc_column][vc_custom_heading text=\u00bbNuestro <strong>Entorno<\/strong>\u00bb font_container=\u00bbtag:h2|text_align:center\u00bb use_theme_fonts=\u00bbyes\u00bb el_class=\u00bbm-t-xxl m-b-sm\u00bb][vc_column_text]<\/p>\n<p style=\"text-align: center;\">El Restaurante \u00abl&#8217;Alberg\u00bb se encuentra situado en un entorno privilegiado, en el mismo regazo del Macizo del Montsi\u00e1 y en uno de los limites geogr\u00e1ficos del Delta del Ebro. Con la poblaci\u00f3n marinera de Sant Carlos de la R\u00e1pita a 3km, abren un gran abanico de posibilidades para nuestros clientes.<\/p>\n<p style=\"text-align: center;\">Adem\u00e1s, destacamos la proximidad del otro Parque Natural de las Tierras del Ebro, el Parque Natural de \u00abEls Ports\u00bb.<\/p>\n<p>[\/vc_column_text][vc_separator color=\u00bbcustom\u00bb style=\u00bbpattern\u00bb pattern_repeat=\u00bbno-repeat\u00bb pattern_position=\u00bbcenter center\u00bb pattern_height=\u00bb16&#8243; gap=\u00bbtaller\u00bb pattern=\u00bb26&#8243;][vc_row_inner el_class=\u00bbm-b-xlg\u00bb][vc_column_inner width=\u00bb1\/2&#8243; animation_type=\u00bbfadeInUp\u00bb]<div class=\"porto-image-frame  thumb-info-custom m-b-xxl\"><div class=\"thumb-info\"><a href=\"https:\/\/alberglarapita.com\/es\/entorno\/delta-del-ebro\/\" title=\"Entorno - Delta del Ebro\" target=\"_self\"><span class=\"thumb-info-wrapper\"><img loading=\"lazy\" decoding=\"async\" alt=\"Delta de l&#039;Ebre\" data-src=\"\/\/alberglarapita.com\/wp-content\/uploads\/2019\/09\/delta-de-lebre-06.jpeg\" class=\"img-responsive lazyload\" width=\"1600\" height=\"1060\" src=\"data:image\/gif;base64,R0lGODlhAQABAAAAACH5BAEKAAEALAAAAAABAAEAAAICTAEAOw==\" style=\"--smush-placeholder-width: 1600px; --smush-placeholder-aspect-ratio: 1600\/1060;\"><noscript><img loading=\"lazy\" decoding=\"async\" alt=\"Delta de l&#039;Ebre\" src=\"\/\/alberglarapita.com\/wp-content\/uploads\/2019\/09\/delta-de-lebre-06.jpeg\" class=\"img-responsive\" width=\"1600\" height=\"1060\"><\/noscript><span class=\"thumb-info-title\"><span class=\"thumb-info-inner\">Delta del Ebro<em><\/em><\/span><span class=\"thumb-info-type\">El Parque Natual del Delta constituye uno de los humedales m\u00e1s amplios de la Europa mediterr\u00e1nea.<\/span><\/span><span class=\"thumb-info-action\"><span class=\"thumb-info-action-icon\"><i class=\"fas fa-link\"><\/i><\/span><\/span><\/span><\/a><div class=\"thumb-info-caption\"><div class=\"thumb-info-caption-text\"><p style=\"text-align: center;\"><a class=\"btn btn-primary m-t-md\" href=\".\/delta-del-ebro\">Leer m\u00e1s<i class=\"fa fa-long-arrow-right\"><\/i><\/a><\/p>\n<\/div><\/div><\/div><\/div>[\/vc_column_inner][vc_column_inner width=\u00bb1\/2&#8243; animation_delay=\u00bb300&#8243; animation_type=\u00bbfadeInUp\u00bb]<div class=\"porto-image-frame  thumb-info-custom m-b-xxl\"><div class=\"thumb-info\"><a href=\"https:\/\/alberglarapita.com\/es\/entorno\/mar-y-playas\/\" title=\"Entorno - Mar y Playas\" target=\"_self\"><span class=\"thumb-info-wrapper\"><img loading=\"lazy\" decoding=\"async\" alt=\"Mar i platges\" data-src=\"\/\/alberglarapita.com\/wp-content\/uploads\/2019\/09\/mar-i-platges-04.jpg\" class=\"img-responsive lazyload\" width=\"1599\" height=\"1059\" src=\"data:image\/gif;base64,R0lGODlhAQABAAAAACH5BAEKAAEALAAAAAABAAEAAAICTAEAOw==\" style=\"--smush-placeholder-width: 1599px; --smush-placeholder-aspect-ratio: 1599\/1059;\"><noscript><img loading=\"lazy\" decoding=\"async\" alt=\"Mar i platges\" src=\"\/\/alberglarapita.com\/wp-content\/uploads\/2019\/09\/mar-i-platges-04.jpg\" class=\"img-responsive\" width=\"1599\" height=\"1059\"><\/noscript><span class=\"thumb-info-title\"><span class=\"thumb-info-inner\">Mar y Playas<em><\/em><\/span><span class=\"thumb-info-type\">Playas quilom\u00e9tricas en su paso por el Delta del Ebro donde las puedes gaudir con tu familia rodeados de naturaleza.<\/span><\/span><span class=\"thumb-info-action\"><span class=\"thumb-info-action-icon\"><i class=\"fas fa-link\"><\/i><\/span><\/span><\/span><\/a><div class=\"thumb-info-caption\"><div class=\"thumb-info-caption-text\"><p style=\"text-align: center;\"><a class=\"btn btn-primary m-t-md\" href=\".\/mar-y-playas\/\">Leer m\u00e1s<i class=\"fa fa-long-arrow-right\"><\/i><\/a><\/p>\n<\/div><\/div><\/div><\/div>[\/vc_column_inner][\/vc_row_inner][vc_row_inner el_class=\u00bbm-b-xlg\u00bb][vc_column_inner width=\u00bb1\/2&#8243; animation_type=\u00bbfadeInUp\u00bb]<div class=\"porto-image-frame  thumb-info-custom m-b-xxl\"><div class=\"thumb-info\"><a href=\"https:\/\/alberglarapita.com\/es\/entorno\/el-montsia-y-els-ports\/\" title=\"Entorno - El Montsi\u00e1 y Els Ports\" target=\"_self\"><span class=\"thumb-info-wrapper\"><img loading=\"lazy\" decoding=\"async\" alt=\"Serra del Montsi\u00e0\" data-src=\"\/\/alberglarapita.com\/wp-content\/uploads\/2019\/09\/serra-del-montsia-05.jpg\" class=\"img-responsive lazyload\" width=\"1600\" height=\"1060\" src=\"data:image\/gif;base64,R0lGODlhAQABAAAAACH5BAEKAAEALAAAAAABAAEAAAICTAEAOw==\" style=\"--smush-placeholder-width: 1600px; --smush-placeholder-aspect-ratio: 1600\/1060;\"><noscript><img loading=\"lazy\" decoding=\"async\" alt=\"Serra del Montsi\u00e0\" src=\"\/\/alberglarapita.com\/wp-content\/uploads\/2019\/09\/serra-del-montsia-05.jpg\" class=\"img-responsive\" width=\"1600\" height=\"1060\"><\/noscript><span class=\"thumb-info-title\"><span class=\"thumb-info-inner\">El Montsi\u00e0 y els Ports<em><\/em><\/span><span class=\"thumb-info-type\">\u00abL'Alberg\u00bb est\u00e1 situado en el mismo regazo del Macizo del Montsi\u00e0, y a pocos quil\u00f3metros del Parque Natual els Ports.<\/span><\/span><span class=\"thumb-info-action\"><span class=\"thumb-info-action-icon\"><i class=\"fas fa-link\"><\/i><\/span><\/span><\/span><\/a><div class=\"thumb-info-caption\"><div class=\"thumb-info-caption-text\"><p style=\"text-align: center;\"><a class=\"btn btn-primary m-t-md\" href=\".\/el-montsia-y-els-ports\/\">Leer m\u00e1s <i class=\"fa fa-long-arrow-right\"><\/i><\/a><\/p>\n<\/div><\/div><\/div><\/div>[\/vc_column_inner][vc_column_inner width=\u00bb1\/2&#8243; animation_delay=\u00bb300&#8243; animation_type=\u00bbfadeInUp\u00bb]<div class=\"porto-image-frame  thumb-info-custom m-b-xxl\"><div class=\"thumb-info\"><a href=\"https:\/\/alberglarapita.com\/es\/entorno\/vias-verdes\/\" title=\"Entorno - V\u00edas Verdes\" target=\"_self\"><span class=\"thumb-info-wrapper\"><img loading=\"lazy\" decoding=\"async\" alt=\"Via verda Terres de l&#039;Ebre\" data-src=\"\/\/alberglarapita.com\/wp-content\/uploads\/2019\/09\/via-verda-terres-de-lebre-03-1.jpg\" class=\"img-responsive lazyload\" width=\"1599\" height=\"1059\" src=\"data:image\/gif;base64,R0lGODlhAQABAAAAACH5BAEKAAEALAAAAAABAAEAAAICTAEAOw==\" style=\"--smush-placeholder-width: 1599px; --smush-placeholder-aspect-ratio: 1599\/1059;\"><noscript><img loading=\"lazy\" decoding=\"async\" alt=\"Via verda Terres de l&#039;Ebre\" src=\"\/\/alberglarapita.com\/wp-content\/uploads\/2019\/09\/via-verda-terres-de-lebre-03-1.jpg\" class=\"img-responsive\" width=\"1599\" height=\"1059\"><\/noscript><span class=\"thumb-info-title\"><span class=\"thumb-info-inner\">Vias Verdes<em><\/em><\/span><span class=\"thumb-info-type\">La Via Verde de las Tierras del Ebro, el Camino de Sirga y los carriles bici del Delta del Ebro abren un gran abanico de possibilidades para los amantes del cicloturismo.<\/span><\/span><span class=\"thumb-info-action\"><span class=\"thumb-info-action-icon\"><i class=\"fas fa-link\"><\/i><\/span><\/span><\/span><\/a><div class=\"thumb-info-caption\"><div class=\"thumb-info-caption-text\"><p style=\"text-align: center;\"><a class=\"btn btn-primary m-t-md\" href=\".\/vias-verdes\">Leer m\u00e1s <i class=\"fa fa-long-arrow-right\"><\/i><\/a><\/p>\n<\/div><\/div><\/div><\/div>[\/vc_column_inner][\/vc_row_inner][\/vc_column][\/vc_row]<\/p>\n<\/div>","protected":false},"excerpt":{"rendered":"<p>[vc_row wrap_container=\u00bbyes\u00bb][vc_column][vc_custom_heading text=\u00bbNuestro Entorno\u00bb font_container=\u00bbtag:h2|text_align:center\u00bb use_theme_fonts=\u00bbyes\u00bb el_class=\u00bbm-t-xxl m-b-sm\u00bb][vc_column_text] El Restaurante \u00abl&#8217;Alberg\u00bb se encuentra situado en un entorno privilegiado, en el mismo regazo del Macizo del Montsi\u00e1 y en uno de los limites geogr\u00e1ficos del Delta del Ebro. Con la poblaci\u00f3n marinera de Sant Carlos de la R\u00e1pita a 3km, abren un gran abanico de posibilidades [&hellip;]<\/p>\n","protected":false},"author":1,"featured_media":0,"parent":0,"menu_order":0,"comment_status":"closed","ping_status":"closed","template":"","meta":{"_joinchat":[],"footnotes":""},"class_list":["post-1379","page","type-page","status-publish","hentry"],"_links":{"self":[{"href":"https:\/\/alberglarapita.com\/es\/wp-json\/wp\/v2\/pages\/1379","targetHints":{"allow":["GET"]}}],"collection":[{"href":"https:\/\/alberglarapita.com\/es\/wp-json\/wp\/v2\/pages"}],"about":[{"href":"https:\/\/alberglarapita.com\/es\/wp-json\/wp\/v2\/types\/page"}],"author":[{"embeddable":true,"href":"https:\/\/alberglarapita.com\/es\/wp-json\/wp\/v2\/users\/1"}],"replies":[{"embeddable":true,"href":"https:\/\/alberglarapita.com\/es\/wp-json\/wp\/v2\/comments?post=1379"}],"version-history":[{"count":0,"href":"https:\/\/alberglarapita.com\/es\/wp-json\/wp\/v2\/pages\/1379\/revisions"}],"wp:attachment":[{"href":"https:\/\/alberglarapita.com\/es\/wp-json\/wp\/v2\/media?parent=1379"}],"curies":[{"name":"wp","href":"https:\/\/api.w.org\/{rel}","templated":true}]}}