{"id":1394,"date":"2019-09-21T18:08:03","date_gmt":"2019-09-21T16:08:03","guid":{"rendered":"https:\/\/new.alberglarapita.com\/entorno\/delta-de-lebre\/"},"modified":"2019-09-22T09:13:04","modified_gmt":"2019-09-22T07:13:04","slug":"delta-del-ebro","status":"publish","type":"page","link":"https:\/\/alberglarapita.com\/es\/entorno\/delta-del-ebro\/","title":{"rendered":"Delta del Ebro"},"content":{"rendered":"<div class=\"wpb-content-wrapper\"><p>[vc_row][vc_column][vc_custom_heading text=\u00bbDelta del Ebro\u00bb use_theme_fonts=\u00bbyes\u00bb el_class=\u00bbm-b-md\u00bb][vc_row_inner][vc_column_inner width=\u00bb2\/3&#8243;][vc_column_text el_class=\u00bblead\u00bb]El Parque Natural del Delta del constituye uno de los humedales m\u00e1s amplios de la Europa mediterr\u00e1nea.[\/vc_column_text][vc_column_text]El Delta del Ebro nos ofrece un marco de naturaleza incomparable, \u00fanico y singular. Un paisaje de una gran riqueza biol\u00f3gica que re\u00fane una diversidad de flora y fauna, de un valor incalculable. Con sus 320 km2 de superficie, constituye el h\u00e1bitat acu\u00e1tico m\u00e1s extenso de las tierras catalanas y representa un enclave de vital importancia dentro las zonas h\u00famedas de la Mediterr\u00e1nea. Su riqueza biol\u00f3gica contrasta con la profunda humanizaci\u00f3n y transformaci\u00f3n agr\u00edcola de una gran parte de su superficie. Con objeto de hacer posible la armon\u00eda entre los valores naturales de la zona y su explotaci\u00f3n por parte de los humanos, y a instancias de sus habitantes, la \u00abGeneralitat\u00bb constituy\u00f3 el 1983 el Parque Natural del Delta del Ebro. Su importancia es reconocida a escala internacional por los m\u00e1ximos organismos especializados.<\/p>\n<p>El paisaje del Delta tiene una fuerte personalidad. Las tierras totalmente planas le dan un aspecto particular. Los extensos arrozales, cambiantes seg\u00fan las estaciones (terrosos en invierno, inundados de agua a la primavera y verdes en verano), dominan la fisonom\u00eda del Delta. En su parte litoral encontramos uno de los paisajes m\u00e1s atractivos de la Mediterr\u00e1nea.<br \/>\nGrandes lagunas rodeadas por ca\u00f1izales y juncales. En la parte perif\u00e9rica encontramos grandes extensiones de suelos salinos con adarce y playas largas y desiertas, con dunas coronadas de barr\u00f3n y otras plantas bien adaptadas al medio.<br \/>\nLa agricultura es una de las grandes bases econ\u00f3micas actuales del Delta, con un predominio claro del arroz (m\u00e1s de 20.000 ha y la pr\u00e1ctica producci\u00f3n total de este cereal en Catalunya). La huerta y los \u00e1rboles frutales ocupan peque\u00f1as superficies. Son muy importantes las cooperativas agr\u00edcolas, especialmente las C\u00e1maras Arroceras.<\/p>\n<div class=\"canvas\">\n<div class=\"content shadow-top left\">\n<div class=\"content-container\">\n<div class=\"page-left left\">\n<div class=\"rail-content left\">\n<div class=\"rail-content-container\">\n<div class=\"content-page left\">\n<div class=\"content-page-container\">\n<p>La pesca es tambi\u00e9n una actividad fundamental, puesto que la aportaci\u00f3n de nutrientes por parte del r\u00edo Ebro, favorece los puertos de Sant Carlos de la R\u00e1pita, l\u2019Ampolla, Deltebre, las Casas de Alcanar, l\u2019Ametlla de Mar y Vinar\u00f2s. La pesca en las lagunas es una actividad ancestral que emplea aparejos y artes tradicionales.<\/p>\n<\/div>\n<\/div>\n<\/div>\n<\/div>\n<\/div>\n<\/div>\n<\/div>\n<\/div>\n<p>[\/vc_column_text][\/vc_column_inner][vc_column_inner width=\u00bb1\/3&#8243;][vc_gallery type=\u00bbimage_grid\u00bb images=\u00bb1231,1233,1235,1237,1239,1241,1243,1245,1247,1249&#8243;][\/vc_column_inner][\/vc_row_inner][\/vc_column][\/vc_row]<\/p>\n<\/div>","protected":false},"excerpt":{"rendered":"<p>[vc_row][vc_column][vc_custom_heading text=\u00bbDelta del Ebro\u00bb use_theme_fonts=\u00bbyes\u00bb el_class=\u00bbm-b-md\u00bb][vc_row_inner][vc_column_inner width=\u00bb2\/3&#8243;][vc_column_text el_class=\u00bblead\u00bb]El Parque Natural del Delta del constituye uno de los humedales m\u00e1s amplios de la Europa mediterr\u00e1nea.[\/vc_column_text][vc_column_text]El Delta del Ebro nos ofrece un marco de naturaleza incomparable, \u00fanico y singular. Un paisaje de una gran riqueza biol\u00f3gica que re\u00fane una diversidad de flora y fauna, de un valor [&hellip;]<\/p>\n","protected":false},"author":1,"featured_media":0,"parent":1379,"menu_order":0,"comment_status":"closed","ping_status":"closed","template":"","meta":{"_joinchat":[],"footnotes":""},"class_list":["post-1394","page","type-page","status-publish","hentry"],"_links":{"self":[{"href":"https:\/\/alberglarapita.com\/es\/wp-json\/wp\/v2\/pages\/1394","targetHints":{"allow":["GET"]}}],"collection":[{"href":"https:\/\/alberglarapita.com\/es\/wp-json\/wp\/v2\/pages"}],"about":[{"href":"https:\/\/alberglarapita.com\/es\/wp-json\/wp\/v2\/types\/page"}],"author":[{"embeddable":true,"href":"https:\/\/alberglarapita.com\/es\/wp-json\/wp\/v2\/users\/1"}],"replies":[{"embeddable":true,"href":"https:\/\/alberglarapita.com\/es\/wp-json\/wp\/v2\/comments?post=1394"}],"version-history":[{"count":0,"href":"https:\/\/alberglarapita.com\/es\/wp-json\/wp\/v2\/pages\/1394\/revisions"}],"up":[{"embeddable":true,"href":"https:\/\/alberglarapita.com\/es\/wp-json\/wp\/v2\/pages\/1379"}],"wp:attachment":[{"href":"https:\/\/alberglarapita.com\/es\/wp-json\/wp\/v2\/media?parent=1394"}],"curies":[{"name":"wp","href":"https:\/\/api.w.org\/{rel}","templated":true}]}}