{"id":1397,"date":"2019-09-21T18:09:29","date_gmt":"2019-09-21T16:09:29","guid":{"rendered":"https:\/\/new.alberglarapita.com\/entorno\/el-montsia-i-els-ports\/"},"modified":"2019-09-30T17:59:55","modified_gmt":"2019-09-30T15:59:55","slug":"el-montsia-y-els-ports","status":"publish","type":"page","link":"https:\/\/alberglarapita.com\/es\/entorno\/el-montsia-y-els-ports\/","title":{"rendered":"El Montsi\u00e1 y Els Ports"},"content":{"rendered":"<div class=\"wpb-content-wrapper\"><p>[vc_row][vc_column][vc_custom_heading text=\u00bbMacizo del Montsi\u00e1\u00bb use_theme_fonts=\u00bbyes\u00bb el_class=\u00bbm-b-md\u00bb][vc_row_inner][vc_column_inner width=\u00bb2\/3&#8243;][vc_column_text el_class=\u00bblead\u00bb]A pocos metros de \u00abl\u2019Alberg\u00bb, el macizo del Montsi\u00e1 es un conjunto monta\u00f1oso, paralelo al litoral mediterr\u00e1neo, situado al sur de las Tierras del Ebro.[\/vc_column_text][vc_column_text]Se extiende desde el r\u00edo Ebro (al norte) hasta el r\u00edo S\u00e9nia (al sur), con una longitud de 20 kil\u00f3metros y una anchura de 6. Su punto m\u00e1s alto es el Pico del Montsi\u00e1 a (764 m), si bien una de los cumbres m\u00e1s carism\u00e1ticas es \u00abLa Foradada\u00bb que, a casi 700 m sobre el nivel del mar, es un magn\u00edfico mirador natural sobre el Delta del Ebro.<\/p>\n<p>El terreno del macizo es calc\u00e1reo y de una gran belleza, permitiendo a los aficionados del senderismo disfrutar de espectaculares rutas por estos parajes. Los pueblos de Alcanar, Ulldecona, Freginals, Amposta y San Carlos de la R\u00e1pita residen a su pies.[\/vc_column_text]<div class=\"porto-btn-ctn-left \"><a class=\"porto-btn porto-adjust-bottom-margin porto-btn-normal porto-btn-no-hover-bg   wpb_custom_fa51088c2567b780100c1edcf8821d3b  porto-btn-left  \" rel=\" nofollow noopener\" href=\"https:\/\/www.ebrebiosfera.org\/es\/rutas\/de-la-mundana-la-foradada-pel-bosc-del-burgar\" target=\"_blank\" data-hover=\"\" data-border-color=\"\" data-bg=\"#691411\" data-hover-bg=\"\" data-border-hover=\"\" data-shadow-click=\"none\" data-shadow=\"\" style=\"border:none;background: #691411;color: #ffffff;\"><span class=\"porto-btn-hover\"><\/span><span class=\"porto-btn-data porto-btn-text \" >Ver detalles ruta de \u00abLa Foradada\u00bb<\/span><\/a><\/div>[\/vc_column_inner][vc_column_inner width=\u00bb1\/3&#8243;][vc_gallery type=\u00bbimage_grid\u00bb images=\u00bb1099,1101,1102,1103,1104,1105&#8243;][\/vc_column_inner][\/vc_row_inner][vc_separator color=\u00bbcustom\u00bb style=\u00bbpattern\u00bb pattern_repeat=\u00bbno-repeat\u00bb pattern_position=\u00bbcenter center\u00bb pattern_height=\u00bb16&#8243; gap=\u00bbtaller\u00bb pattern=\u00bb26&#8243;][vc_custom_heading text=\u00bbParque Natural els Ports\u00bb use_theme_fonts=\u00bbyes\u00bb el_class=\u00bbm-b-md\u00bb][vc_row_inner][vc_column_inner width=\u00bb2\/3&#8243;][vc_column_text el_class=\u00bblead\u00bb]A pocos kil\u00f3metros de \u00abl\u2019Alberg\u00bb, el macizo de los Ports se alza imponente sobre las planicies interiores del Montsi\u00e1 y Bajo Ebro.[\/vc_column_text][vc_column_text]\u201cLo Port\u201d, como denominan por la zona a los\u00a0Ports de Beseit, es un sistema monta\u00f1oso que hace de enlace entre las Cordilleras Prelitorales Catalanas y el Sistema Ib\u00e9rico, y constituyendo una formidable barrera que separa las llanuras del Bajo Ebro y el Montsi\u00e0 de las comarcas interiores del Matarranya y la Terra Alta.<\/p>\n<p>Los r\u00edos y los barrancos se han abierto paso por las calizas de estas monta\u00f1as, originando algunas maravillosas gorgas, que son sin duda uno de los principales atractivos de estas monta\u00f1as: los Estrechos o\u00a0G\u00fabies del Parrizal, los Estrechos de Arnes, les G\u00fabies del Regatxol, las G\u00fabies del Vall Figuera, el Barranco de la Paridora, el Barranco de la Caramella, etc.<\/p>\n<p>Los otras atractivos del Port son la fauna, representada por la cabra salvaje (Capra pyrenaica hispanica), relativamente f\u00e1cil de ver; y la vegetaci\u00f3n, d\u00f3nde hace falta mencionar la existencia del hayedo m\u00e1s meridional de la pen\u00ednsula ib\u00e9rica, ni que sea mezclada con pino.<\/p>\n<p>Por estos parajes se pueden realizar algunas traves\u00edas muy interesantes.[\/vc_column_text][\/vc_column_inner][vc_column_inner width=\u00bb1\/3&#8243;][vc_gallery type=\u00bbimage_grid\u00bb images=\u00bb1256,1268,1258,1260,1262,1264,1266,1270&#8243;][\/vc_column_inner][\/vc_row_inner][\/vc_column][\/vc_row]<\/p>\n<\/div>","protected":false},"excerpt":{"rendered":"<p>[vc_row][vc_column][vc_custom_heading text=\u00bbMacizo del Montsi\u00e1\u00bb use_theme_fonts=\u00bbyes\u00bb el_class=\u00bbm-b-md\u00bb][vc_row_inner][vc_column_inner width=\u00bb2\/3&#8243;][vc_column_text el_class=\u00bblead\u00bb]A pocos metros de \u00abl\u2019Alberg\u00bb, el macizo del Montsi\u00e1 es un conjunto monta\u00f1oso, paralelo al litoral mediterr\u00e1neo, situado al sur de las Tierras del Ebro.[\/vc_column_text][vc_column_text]Se extiende desde el r\u00edo Ebro (al norte) hasta el r\u00edo S\u00e9nia (al sur), con una longitud de 20 kil\u00f3metros y una anchura de [&hellip;]<\/p>\n","protected":false},"author":1,"featured_media":0,"parent":1379,"menu_order":0,"comment_status":"closed","ping_status":"closed","template":"","meta":{"_joinchat":[],"footnotes":""},"class_list":["post-1397","page","type-page","status-publish","hentry"],"_links":{"self":[{"href":"https:\/\/alberglarapita.com\/es\/wp-json\/wp\/v2\/pages\/1397","targetHints":{"allow":["GET"]}}],"collection":[{"href":"https:\/\/alberglarapita.com\/es\/wp-json\/wp\/v2\/pages"}],"about":[{"href":"https:\/\/alberglarapita.com\/es\/wp-json\/wp\/v2\/types\/page"}],"author":[{"embeddable":true,"href":"https:\/\/alberglarapita.com\/es\/wp-json\/wp\/v2\/users\/1"}],"replies":[{"embeddable":true,"href":"https:\/\/alberglarapita.com\/es\/wp-json\/wp\/v2\/comments?post=1397"}],"version-history":[{"count":0,"href":"https:\/\/alberglarapita.com\/es\/wp-json\/wp\/v2\/pages\/1397\/revisions"}],"up":[{"embeddable":true,"href":"https:\/\/alberglarapita.com\/es\/wp-json\/wp\/v2\/pages\/1379"}],"wp:attachment":[{"href":"https:\/\/alberglarapita.com\/es\/wp-json\/wp\/v2\/media?parent=1397"}],"curies":[{"name":"wp","href":"https:\/\/api.w.org\/{rel}","templated":true}]}}