{"id":1471,"date":"2019-09-21T19:25:42","date_gmt":"2019-09-21T17:25:42","guid":{"rendered":"https:\/\/new.alberglarapita.com\/activitats\/"},"modified":"2019-09-22T09:07:32","modified_gmt":"2019-09-22T07:07:32","slug":"actividades","status":"publish","type":"page","link":"https:\/\/alberglarapita.com\/es\/actividades\/","title":{"rendered":"Actividades"},"content":{"rendered":"<div class=\"wpb-content-wrapper\"><p>[vc_row][vc_column][vc_custom_heading text=\u00bbQu\u00e9 <strong> actividades <\/strong>pod\u00e9is hacer a trav\u00e9s de \u00abl&#8217;Alberg\u00bb?\u00bb font_container=\u00bbtag:h2|text_align:center\u00bb use_theme_fonts=\u00bbyes\u00bb el_class=\u00bbm-t-xxl m-b-sm\u00bb][vc_column_text]<\/p>\n<p style=\"text-align: center;\">Tanto si sois un grupo que ven\u00eds a una comida o a alojaros, como un grupo escolar que ven\u00eds de colonias a \u00abl&#8217;Alberg\u00bb, disponemos de un gran abanico de actividades deportivas y de aventura para realizar a nuestro entorno.<\/p>\n<p>[\/vc_column_text][vc_separator color=\u00bbcustom\u00bb style=\u00bbpattern\u00bb pattern_repeat=\u00bbno-repeat\u00bb pattern_position=\u00bbcenter center\u00bb pattern_height=\u00bb16&#8243; gap=\u00bbtaller\u00bb pattern=\u00bb26&#8243;][\/vc_column][\/vc_row][vc_row][vc_column][vc_accordion active_tab=\u00bbfalse\u00bb collapsible=\u00bbyes\u00bb][vc_accordion_tab title=\u00bbDescenso por Barrancos\u00bb][vc_row_inner el_class=\u00bbm-b-xlg\u00bb][vc_column_inner width=\u00bb1\/4&#8243; animation_type=\u00bbfadeInUp\u00bb][vc_single_image image=\u00bb1337&#8243; img_size=\u00bbfull\u00bb][\/vc_column_inner][vc_column_inner width=\u00bb3\/4&#8243; animation_delay=\u00bb300&#8243; animation_type=\u00bbfadeInUp\u00bb css=\u00bb.vc_custom_1569082504920{padding-top: px !important;}\u00bb][vc_column_text]Emplearemos todo el dia para realizar esta actividad. El punto de encuentro es en Horta de Sant Joan.<\/p>\n<p>Con furgonetas de la organizaci\u00f3n llegaremos al acceso del barranco. All\u00ed se proporcionar\u00e1 todo el material necesario para realizar la actividad: neoprenos, escarpines y guantes (en el caso en que fueran necesarios) y casco protector. Los participantes deber\u00e1n venir provistos de: zapatillas de recambio y toalla de playa.<br \/>\nTras presentar la actividad y dadas todas las normas y consejos que deber\u00e1n tener en cuenta todos los participantes iniciaremos un recorrido a pie de unos 20 minutos, hasta llegar a la cabecera del barranco. Con los monitores especializados, iniciaremos el descenso del barranco, con una duraci\u00f3n aproximada de dos horas. El recorrido es de una gran belleza y sencillez, siendo apto para ni\u00f1os a partir de 12 a\u00f1os. Volveremos con las furgonetas de la organizaci\u00f3n hasta Horta de Sant Joan.<br \/>\nEn Horta de Sant Joan podemos visitar el Centro Picasso Ecomuseo dels Ports.[\/vc_column_text][\/vc_column_inner][\/vc_row_inner][\/vc_accordion_tab][vc_accordion_tab title=\u00bbQuads y Multiaventura\u00bb][vc_row_inner el_class=\u00bbm-b-xlg\u00bb][vc_column_inner width=\u00bb1\/4&#8243; animation_type=\u00bbfadeInUp\u00bb][vc_single_image image=\u00bb1358&#8243; img_size=\u00bbfull\u00bb][\/vc_column_inner][vc_column_inner width=\u00bb3\/4&#8243; animation_delay=\u00bb300&#8243; animation_type=\u00bbfadeInUp\u00bb][vc_column_text]Emplearemos medio dia para realizar esta actividad.<br \/>\nLa actividad de Quads y multiaventura es un combinado de diferentes actividades: Quads, Escalada en pared artificial, Tiro con Arco y Puentes Tibetanos.<br \/>\nLlegados a las instalaciones, se dan las normas y consejos que se tienen que tener en cuenta en todas las actividades as\u00ed como el funcionamiento de cada una de ellas.<br \/>\nDependiendo del n\u00famero de participantes, se hacen diferentes grupos, asignando a cada uno una actividad. Una vez finalizada su actividad, por rotaci\u00f3n, van realizando las otras actividades.[\/vc_column_text][\/vc_column_inner][\/vc_row_inner][\/vc_accordion_tab][vc_accordion_tab title=\u00bbVisita Parque Natura en BTT\u00bb][vc_row_inner el_class=\u00bbm-b-xlg\u00bb][vc_column_inner width=\u00bb1\/4&#8243; animation_type=\u00bbfadeInUp\u00bb][vc_single_image image=\u00bb1368&#8243; img_size=\u00bbfull\u00bb][\/vc_column_inner][vc_column_inner width=\u00bb3\/4&#8243; animation_delay=\u00bb300&#8243; animation_type=\u00bbfadeInUp\u00bb][vc_column_text]<\/p>\n<div class=\"alert-box custom round\">Esta actividad consiste en un tranquilo paseo por el Parque Natural del Delta del Ebro. Los caminos utilizados son mayoritariamente asfaltados.<br \/>\nLos participantes deber\u00e1n llevar: cantimplora, gorra, mochila peque\u00f1a y bol\u00edgrafo. Los recorridos no presentan ninguna dificultad, debido a que el Delta del Ebro es una inmensa llanura.<br \/>\nA los participantes se les proporcionar\u00e1 un casco protector. Durante la visita se van realizando paradas en los lugares m\u00e1s caracter\u00edsticos, acompa\u00f1adas con explicaciones de los gu\u00edas especializados.<\/div>\n<p>[\/vc_column_text][\/vc_column_inner][\/vc_row_inner][\/vc_accordion_tab][vc_accordion_tab title=\u00bbPirag\u00fcismo\u00bb][vc_row_inner el_class=\u00bbm-b-xlg\u00bb][vc_column_inner width=\u00bb1\/4&#8243; animation_type=\u00bbfadeInUp\u00bb][vc_single_image image=\u00bb1354&#8243; img_size=\u00bbfull\u00bb][\/vc_column_inner][vc_column_inner width=\u00bb3\/4&#8243; animation_delay=\u00bb300&#8243; animation_type=\u00bbfadeInUp\u00bb][vc_column_text]Emplearemos medio dia para realizar esta actividad.<br \/>\nLos participantes deber\u00e1n llevar: ba\u00f1ador, toalla de playa y ropa deportiva de recambio.<br \/>\nUna vez dadas las explicaciones se proporciona a cada participante un chaleco salvavidas.<br \/>\nLas piraguas pueden ser triples, dobles o individuales. Siempre habr\u00e1 a disposici\u00f3n la cantidad de material necesario, para que todos sus componentes puedan estar realizando la actividad al mismo tiempo. Durante toda la actividad, los participantes est\u00e1n controlados por monitores especializados a bordo de embarcaciones en motor.<br \/>\nCuando la actividad se desarrolla en aguas sin profundidad (1 m.) Los monitores realizan el control con piraguas.[\/vc_column_text][\/vc_column_inner][\/vc_row_inner][\/vc_accordion_tab][vc_accordion_tab title=\u00bbVela\u00bb][vc_row_inner el_class=\u00bbm-b-xlg\u00bb][vc_column_inner width=\u00bb1\/4&#8243; animation_type=\u00bbfadeInUp\u00bb][vc_single_image image=\u00bb1364&#8243; img_size=\u00bbfull\u00bb][\/vc_column_inner][vc_column_inner width=\u00bb3\/4&#8243; animation_delay=\u00bb300&#8243; animation_type=\u00bbfadeInUp\u00bb][vc_column_text]Los participantes deber\u00e1n llevar: ba\u00f1ador, toalla de playa y ropa deportiva de recambio.<br \/>\nEmplearemos medio dia para realizar esta actividad.<br \/>\nLa parte te\u00f3rica de esta actividad es muy importante, por lo tanto emplearemos la mitad de tiempo en ella, la otra mitad la dedicaremos a la navegaci\u00f3n. A cada participante se le proporcionar\u00e1 un chaleco salvavidas. Las embarcaciones son dirigidas por monitores especializados. Los participantes, por turnos sucesivos, van controlando, dirigiendo y realizando las operaciones que les han ense\u00f1ado en la parte te\u00f3rica.[\/vc_column_text][\/vc_column_inner][\/vc_row_inner][\/vc_accordion_tab][vc_accordion_tab title=\u00bbJuegos Acu\u00e1ticos\u00bb][vc_row_inner el_class=\u00bbm-b-xlg\u00bb][vc_column_inner width=\u00bb1\/4&#8243; animation_type=\u00bbfadeInUp\u00bb][vc_single_image image=\u00bb1370&#8243; img_size=\u00bbfull\u00bb][\/vc_column_inner][vc_column_inner width=\u00bb3\/4&#8243; animation_delay=\u00bb300&#8243; animation_type=\u00bbfadeInUp\u00bb][vc_column_text]Los participantes deber\u00e1n llevar: ba\u00f1ador y toalla de playa.<br \/>\nSi la temperatura del dia se fr\u00eda, la organizaci\u00f3n proporcionar\u00e1 chaquetas de neopreno.<br \/>\nEmplearemos medio dia para realizar esta actividad.<br \/>\nL\u2019actividad de juegos acu\u00e1ticos es un combinado de las siguientes actividades: churro o Donut, cama el\u00e1stica y kayac.<br \/>\nA todos los participantes se les proporcionar\u00e1 chalecos salvavidas.[\/vc_column_text][\/vc_column_inner][\/vc_row_inner][\/vc_accordion_tab][vc_accordion_tab title=\u00bbSubmarinismo\u00bb][vc_row_inner el_class=\u00bbm-b-xlg\u00bb][vc_column_inner width=\u00bb1\/4&#8243; animation_type=\u00bbfadeInUp\u00bb][vc_single_image image=\u00bb1360&#8243; img_size=\u00bbfull\u00bb][\/vc_column_inner][vc_column_inner width=\u00bb3\/4&#8243; animation_delay=\u00bb300&#8243; animation_type=\u00bbfadeInUp\u00bb][vc_column_text]La duraci\u00f3n de la actividad es de medio dia.<br \/>\nLos participantes deber\u00e1n llevar: ba\u00f1ador, toalla de playa y gorro de piscina.<br \/>\nEn grupos reducidos, se dan las explicaciones oportunas para realizar peque\u00f1as inmersiones. Estas se realizan bajo el control y supervisi\u00f3n de monitores especializados.[\/vc_column_text][\/vc_column_inner][\/vc_row_inner][\/vc_accordion_tab][vc_accordion_tab title=\u00bbPuenting\u00bb][vc_row_inner el_class=\u00bbm-b-xlg\u00bb][vc_column_inner width=\u00bb1\/4&#8243; animation_type=\u00bbfadeInUp\u00bb][vc_single_image image=\u00bb1356&#8243; img_size=\u00bbfull\u00bb][\/vc_column_inner][vc_column_inner width=\u00bb3\/4&#8243; animation_delay=\u00bb300&#8243; animation_type=\u00bbfadeInUp\u00bb][vc_column_text]Actividad que se realiza en el puente colgante de Amposta.<\/p>\n<p>La cantidad de saltos, que podr\u00e1 hacer cada participante, se pacta previamente.[\/vc_column_text][\/vc_column_inner][\/vc_row_inner][\/vc_accordion_tab][vc_accordion_tab title=\u00bbPaintball\u00bb][vc_row_inner el_class=\u00bbm-b-xlg\u00bb][vc_column_inner width=\u00bb1\/4&#8243; animation_type=\u00bbfadeInUp\u00bb][vc_single_image image=\u00bb1350&#8243; img_size=\u00bbfull\u00bb][\/vc_column_inner][vc_column_inner width=\u00bb3\/4&#8243; animation_delay=\u00bb300&#8243; animation_type=\u00bbfadeInUp\u00bb][vc_column_text]El Paintball (bola de pintura) es un deporte en el que los participantes usan marcadoras de aire comprimido para disparar peque\u00f1as bolas de pintura contra los otros jugadores. Es un juego de estrategia, donde dos equipos intentan conseguir una bandera situada en medio del campo de juego. Los jugadores marcados por las bolas de pintura durante el juego, tienen que volver\u00e9 hasta las posiciones iniciales. Cuando uno de los equipos se hace con la bandera, se reinicia el juego, hasta que todos los jugadores han terminado las bolas de pintura.[\/vc_column_text][\/vc_column_inner][\/vc_row_inner][\/vc_accordion_tab][vc_accordion_tab title=\u00bbPerchar\u00bb][vc_row_inner el_class=\u00bbm-b-xlg\u00bb][vc_column_inner width=\u00bb1\/4&#8243; animation_type=\u00bbfadeInUp\u00bb][vc_single_image image=\u00bb1352&#8243; img_size=\u00bbfull\u00bb][\/vc_column_inner][vc_column_inner width=\u00bb3\/4&#8243; animation_delay=\u00bb300&#8243; animation_type=\u00bbfadeInUp\u00bb][vc_column_text]La laguna artificial tiene aproximadamente un metro de profundidad, situada en medio del Parque Natural del Delta del Ebro, junto a la laguna de \u00abL\u2019Encanyissada\u00bb.<br \/>\nEmplearemos medio dia para realizar esta actividad.<br \/>\nLos participantes deber\u00e1n llevar ropa de recambio.<br \/>\nLas barcas de perchar o pontones utilizaban antiguamente para desplazarse por los canales del Delta del Ebro.<br \/>\nLa p\u00e9rtiga es el palo que se utiliza para dirigir e impulsar este tipo de embarcaci\u00f3n. Su longitud es de unos tres metros. Se utiliza clavando su parte inferior al fondo de la laguna y efectuando fuerza sobre ella haciendo que La embarcaci\u00f3n se mueva.<br \/>\nAntes de realizar la actividad, se realizan las explicaciones y demostraciones oportunas por los monitores especializados.<br \/>\nEn grupos de 5 o 6 participantes por embarcaci\u00f3n, navegan por la laguna, altern\u00e1ndose los tripulantes en el manejo de la p\u00e9rtiga.[\/vc_column_text][\/vc_column_inner][\/vc_row_inner][\/vc_accordion_tab][vc_accordion_tab title=\u00bbWake Board\u00bb][vc_row_inner el_class=\u00bbm-b-xlg\u00bb][vc_column_inner width=\u00bb1\/4&#8243; animation_type=\u00bbfadeInUp\u00bb][vc_single_image image=\u00bb1366&#8243; img_size=\u00bbfull\u00bb][\/vc_column_inner][vc_column_inner width=\u00bb3\/4&#8243; animation_delay=\u00bb300&#8243; animation_type=\u00bbfadeInUp\u00bb][vc_column_text]La actividad se realiza en una laguna artificial, al borde del mar. Emplearemos medio dia para realizar esta actividad. Mediante un cable de curso cerrado, movido a motor, y una tabla de surf, deslizaremos sobre el agua. Toda la actividad est\u00e1 dirigida por monitores especializados.[\/vc_column_text][\/vc_column_inner][\/vc_row_inner][\/vc_accordion_tab][vc_accordion_tab title=\u00bbPaddle Surf\u00bb][vc_row_inner el_class=\u00bbm-b-xlg\u00bb][vc_column_inner width=\u00bb1\/4&#8243; animation_type=\u00bbfadeInUp\u00bb][vc_single_image image=\u00bb1348&#8243; img_size=\u00bbfull\u00bb][\/vc_column_inner][vc_column_inner width=\u00bb3\/4&#8243; animation_delay=\u00bb300&#8243; animation_type=\u00bbfadeInUp\u00bb][vc_column_text]La actividad se realiza en el r\u00edo o en el mar.<br \/>\nEmplearemos medio dia para realizar esta actividad.<\/p>\n<p>Consiste en remar de en pie sobre una tabla de surf grande. Toda la actividad est\u00e1 dirigida por monitores especializados.[\/vc_column_text][\/vc_column_inner][\/vc_row_inner][\/vc_accordion_tab][vc_accordion_tab title=\u00bbTenis y P\u00e1del\u00bb][vc_row_inner el_class=\u00bbm-b-xlg\u00bb][vc_column_inner width=\u00bb1\/4&#8243; animation_type=\u00bbfadeInUp\u00bb][vc_single_image image=\u00bb1362&#8243; img_size=\u00bbfull\u00bb][\/vc_column_inner][vc_column_inner width=\u00bb3\/4&#8243; animation_delay=\u00bb300&#8243; animation_type=\u00bbfadeInUp\u00bb][vc_column_text]Emplearemos medio dia para realizar esta actividad. Llegados a las instalaciones, se dan las normas y consejos que se tienen que tener en cuenta, as\u00ed como el funcionamiento de cada actividad.<br \/>\nMonitores especializados, introduciendo al grupo en la pr\u00e1ctica del tenis y del p\u00e1del.[\/vc_column_text][\/vc_column_inner][\/vc_row_inner][\/vc_accordion_tab][vc_accordion_tab title=\u00bbVisitas \u2013 Talleres Culturales y l\u00fadicos\u00bb][vc_row_inner el_class=\u00bbm-b-xlg\u00bb][vc_column_inner width=\u00bb1\/4&#8243; animation_type=\u00bbfadeInUp\u00bb][vc_single_image image=\u00bb1362&#8243; img_size=\u00bbfull\u00bb][\/vc_column_inner][vc_column_inner width=\u00bb3\/4&#8243; animation_delay=\u00bb300&#8243; animation_type=\u00bbfadeInUp\u00bb][vc_column_text]Visitas organizadas a: Observatorio del Ebro, Port Aventura, Costa Caribe, Pe\u00f1\u00edscola, Tortosa, Cuevas de Benifallet<\/p>\n<p>Talleres: Barracas, nudos marineros, Pesca Tradicional, Collares y Pulseras, Arenas, Orientaci\u00f3n Outdoor.[\/vc_column_text][\/vc_column_inner][\/vc_row_inner][\/vc_accordion_tab][\/vc_accordion][\/vc_column][\/vc_row]<\/p>\n<\/div>","protected":false},"excerpt":{"rendered":"<p>[vc_row][vc_column][vc_custom_heading text=\u00bbQu\u00e9 actividades pod\u00e9is hacer a trav\u00e9s de \u00abl&#8217;Alberg\u00bb?\u00bb font_container=\u00bbtag:h2|text_align:center\u00bb use_theme_fonts=\u00bbyes\u00bb el_class=\u00bbm-t-xxl m-b-sm\u00bb][vc_column_text] Tanto si sois un grupo que ven\u00eds a una comida o a alojaros, como un grupo escolar que ven\u00eds de colonias a \u00abl&#8217;Alberg\u00bb, disponemos de un gran abanico de actividades deportivas y de aventura para realizar a nuestro entorno. [\/vc_column_text][vc_separator color=\u00bbcustom\u00bb style=\u00bbpattern\u00bb [&hellip;]<\/p>\n","protected":false},"author":1,"featured_media":0,"parent":0,"menu_order":0,"comment_status":"closed","ping_status":"closed","template":"","meta":{"_joinchat":[],"footnotes":""},"class_list":["post-1471","page","type-page","status-publish","hentry"],"_links":{"self":[{"href":"https:\/\/alberglarapita.com\/es\/wp-json\/wp\/v2\/pages\/1471","targetHints":{"allow":["GET"]}}],"collection":[{"href":"https:\/\/alberglarapita.com\/es\/wp-json\/wp\/v2\/pages"}],"about":[{"href":"https:\/\/alberglarapita.com\/es\/wp-json\/wp\/v2\/types\/page"}],"author":[{"embeddable":true,"href":"https:\/\/alberglarapita.com\/es\/wp-json\/wp\/v2\/users\/1"}],"replies":[{"embeddable":true,"href":"https:\/\/alberglarapita.com\/es\/wp-json\/wp\/v2\/comments?post=1471"}],"version-history":[{"count":0,"href":"https:\/\/alberglarapita.com\/es\/wp-json\/wp\/v2\/pages\/1471\/revisions"}],"wp:attachment":[{"href":"https:\/\/alberglarapita.com\/es\/wp-json\/wp\/v2\/media?parent=1471"}],"curies":[{"name":"wp","href":"https:\/\/api.w.org\/{rel}","templated":true}]}}