{"id":1511,"date":"2019-09-21T19:51:11","date_gmt":"2019-09-21T17:51:11","guid":{"rendered":"https:\/\/new.alberglarapita.com\/localitzacio\/"},"modified":"2019-10-02T10:15:29","modified_gmt":"2019-10-02T08:15:29","slug":"localitzacion","status":"publish","type":"page","link":"https:\/\/alberglarapita.com\/es\/localizacion\/","title":{"rendered":"Localizaci\u00f3n"},"content":{"rendered":"<div class=\"wpb-content-wrapper\"><p>[vc_row wrap_container=\u00bbyes\u00bb is_section=\u00bbyes\u00bb section_skin=\u00bbparallax\u00bb remove_margin_bottom=\u00bbyes\u00bb remove_padding_top=\u00bbyes\u00bb css=\u00bb.vc_custom_1568827950491{margin-top: 0px !important;padding-top: 50px !important;}\u00bb][vc_column width=\u00bb2\/3&#8243;]<div id='wrap_map_69e82d8bba420' class='porto-map-wrapper porto-adjust-bottom-margin ' style='height:450px;'><div id='map_69e82d8bba420' data-map_override='0' class='porto_google_map' style='width:100%;height:450px;'><\/div><\/div><script>\n( function() {\n\tvar porto_init_map = function() {\n\t\t( function( $ ) {\n\t\t\t'use strict';\n\t\t\tif (typeof google == 'undefined') {\n\t\t\t\treturn;\n\t\t\t}\n\t\t\tvar map_map_69e82d8bba420 = null;\n\t\t\tvar coordinate_map_69e82d8bba420;\n\t\t\ttry {\n\t\t\t\tcoordinate_map_69e82d8bba420=new google.maps.LatLng(40.640335, 0.586867);\n\t\t\t\tvar isDraggable = $(document).width() > 640 ? true : true;\n\t\t\t\tvar mapOptions = {\n\t\t\t\t\tzoom: 13,\n\t\t\t\t\tcenter: coordinate_map_69e82d8bba420,\n\t\t\t\t\tscaleControl: true,\n\t\t\t\t\tstreetViewControl: false,\n\t\t\t\t\tmapTypeControl: false,\n\t\t\t\t\tpanControl: true,\n\t\t\t\t\tzoomControl: false,\n\t\t\t\t\tscrollwheel: false,\n\t\t\t\t\tdraggable: isDraggable,\n\t\t\t\t\tzoomControlOptions: {\n\t\t\t\t\t\tposition: google.maps.ControlPosition.RIGHT_BOTTOM\n\t\t\t\t\t},mapTypeId: google.maps.MapTypeId.ROADMAP,};var map_map_69e82d8bba420 = new google.maps.Map(document.getElementById('map_69e82d8bba420'),mapOptions);\n\t\t\t\t\t\tvar x = 'on';\n\t\t\t\t\t\tvar marker_map_69e82d8bba420 = new google.maps.Marker({\n\t\t\t\t\t\tposition: new google.maps.LatLng(40.640335, 0.586867),\n\t\t\t\t\t\tanimation:  google.maps.Animation.DROP,\n\t\t\t\t\t\tmap: map_map_69e82d8bba420,\n\t\t\t\t\t\ticon: 'https:\/\/alberglarapita.com\/wp-content\/uploads\/2016\/08\/pin.png'\n\t\t\t\t\t});\n\t\t\t\t\tgoogle.maps.event.addListener(marker_map_69e82d8bba420, 'click', toggleBounce);var infowindow = new google.maps.InfoWindow();\n\t\t\t\t\t\t\tinfowindow.setContent('<div class=\"map_info_text\" style=\\'color:#000;\\'><b>Alberg la R\u00e1pita<\/b><\/div>');google.maps.event.addListener(marker_map_69e82d8bba420, 'click', function() {\n\t\t\t\t\t\t\t\tinfowindow.open(map_map_69e82d8bba420,marker_map_69e82d8bba420);\n\t\t\t\t\t\t\t});}\n\t\t\tcatch(e){};\n\t\t\tgoogle.maps.event.trigger(map_map_69e82d8bba420, 'resize');\n\t\t\t$(window).on('resize', function(){\n\t\t\t\tgoogle.maps.event.trigger(map_map_69e82d8bba420, 'resize');\n\t\t\t\tif(map_map_69e82d8bba420!=null) {\n\t\t\t\t\tmap_map_69e82d8bba420.setCenter(coordinate_map_69e82d8bba420);\n\t\t\t\t}\n\t\t\t});\n\t\t\t$('.ui-tabs').on('tabsactivate', function(event, ui) {\n\t\t\t   if($(this).find('.porto-map-wrapper').length > 0)\n\t\t\t\t{\n\t\t\t\t\tsetTimeout(function(){\n\t\t\t\t\t\t$(window).trigger('resize');\n\t\t\t\t\t},200);\n\t\t\t\t}\n\t\t\t});\n\t\t\t$('.ui-accordion').on('accordionactivate', function(event, ui) {\n\t\t\t\tif($(this).find('.porto-map-wrapper').length > 0) {\n\t\t\t\t\tsetTimeout(function(){\n\t\t\t\t\t\t$(window).trigger('resize');\n\t\t\t\t\t},200);\n\t\t\t\t}\n\t\t\t});\n\t\t\t$(document).on('onPortoModalPopupOpen', function(){\n\t\t\t\tif($(map_map_69e82d8bba420).parents('.porto_modal-content')) {\n\t\t\t\t\tsetTimeout(function(){\n\t\t\t\t\t\t$(window).trigger('resize');\n\t\t\t\t\t},200);\n\t\t\t\t}\n\t\t\t});\n\t\t\tfunction toggleBounce() {\n\t\t\t\tif (marker_map_69e82d8bba420.getAnimation() != null) {\n\t\t\t\t\tmarker_map_69e82d8bba420.setAnimation(null);\n\t\t\t\t} else {\n\t\t\t\t\tmarker_map_69e82d8bba420.setAnimation(google.maps.Animation.BOUNCE);\n\t\t\t\t}\n\t\t\t}\n\t\t} )( window.jQuery );\n\t};\n\n\tif ( window.jQuery ) {\n\t\tporto_init_map();\n\t} else {\n\t\tdocument.addEventListener( 'DOMContentLoaded', porto_init_map );\n\t}\n\n\twindow.addEventListener( 'load', function() {\n\t\tsetTimeout( function() {\n\t\t\tjQuery( window ).trigger( 'resize' );\n\t\t}, 200 );\n\t} );\n} )();\n<\/script>[\/vc_column][vc_column width=\u00bb1\/3&#8243;][vc_custom_heading text=\u00bbDIRECCI\u00d3N\u00bb font_container=\u00bbtag:h5|text_align:left\u00bb use_theme_fonts=\u00bbyes\u00bb el_class=\u00bbm-t-lg m-b-xs\u00bb][vc_column_text el_class=\u00bbm-b\u00bb]<i class=\"fa fa-map-marker\"><\/i> Cam\u00ed de Lligallo, s\/n<br \/>\n43540 Sant Carlos De La R\u00e1pita (Tarragona)[\/vc_column_text][vc_custom_heading text=\u00bbCOORDENADAS\u00bb font_container=\u00bbtag:h5|text_align:left\u00bb use_theme_fonts=\u00bbyes\u00bb el_class=\u00bbm-t-lg m-b-xs\u00bb][vc_column_text el_class=\u00bbm-b\u00bb]<i class=\"fa fa-globe-europe\"><\/i>\u00a040.640335,0.586867[\/vc_column_text][vc_custom_heading text=\u00bbCOMO LLEGAR?\u00bb font_container=\u00bbtag:h5|text_align:left\u00bb use_theme_fonts=\u00bbyes\u00bb el_class=\u00bbm-t-lg m-b-xs\u00bb][vc_column_text el_class=\u00bbm-b\u00bb]<i class=\"fa fa-car\"><\/i> Salida 41 de l&#8217;AP-7 &#8211; Seguir por la N-340 direcci\u00f3n San Carlos de la R\u00e1pita. Antes de llegar al pueblo, aproximadamente en su punto quilom\u00e9trico 1074 encontraremos a la derecha un desv\u00edo hacia la casa de colonias.<\/p>\n<p><i class=\"fa fa-train\"><\/i> Estaci\u00f3n l&#8217;Aldea &#8211; Amposta &#8211; Tortosa[\/vc_column_text]<div class=\"porto-btn-ctn-center \"><a class=\"porto-btn  vc_custom_1569088947464 porto-adjust-bottom-margin porto-btn-normal porto-btn-fade-bg   wpb_custom_fa51088c2567b780100c1edcf8821d3b  porto-btn-center  \" title=\"Com arribar a l&#039;Alberg. Indicacions a Google Maps.\" rel=\"noopener\" href=\"https:\/\/www.google.es\/maps\/dir\/\/Restaurant+L%C2%B4alberg\/@40.6403297,0.5518477,13z\/data=!4m9!4m8!1m0!1m5!1m1!1s0x0:0xe8551a234bc0cccb!2m2!1d0.586867!2d40.640335!3e0\" data-hover=\"\" data-border-color=\"\" data-bg=\"#691411\" data-hover-bg=\"#9c8516\" data-border-hover=\"\" data-shadow-click=\"none\" data-shadow=\"\" style=\"border:none;background: #691411;color: #ffffff;\" target=\"_blank\"><span class=\"porto-btn-hover\" style=\"background-color:#9c8516\"><\/span><span class=\"porto-btn-data porto-btn-text \" >Ver como llegar a Google Maps<\/span><\/a><\/div>[\/vc_column][\/vc_row]<\/p>\n<\/div>","protected":false},"excerpt":{"rendered":"<p>[vc_row wrap_container=\u00bbyes\u00bb is_section=\u00bbyes\u00bb section_skin=\u00bbparallax\u00bb remove_margin_bottom=\u00bbyes\u00bb remove_padding_top=\u00bbyes\u00bb css=\u00bb.vc_custom_1568827950491{margin-top: 0px !important;padding-top: 50px !important;}\u00bb][vc_column width=\u00bb2\/3&#8243;][\/vc_column][vc_column width=\u00bb1\/3&#8243;][vc_custom_heading text=\u00bbDIRECCI\u00d3N\u00bb font_container=\u00bbtag:h5|text_align:left\u00bb use_theme_fonts=\u00bbyes\u00bb el_class=\u00bbm-t-lg m-b-xs\u00bb][vc_column_text el_class=\u00bbm-b\u00bb] Cam\u00ed de Lligallo, s\/n 43540 Sant Carlos De La R\u00e1pita (Tarragona)[\/vc_column_text][vc_custom_heading text=\u00bbCOORDENADAS\u00bb font_container=\u00bbtag:h5|text_align:left\u00bb use_theme_fonts=\u00bbyes\u00bb el_class=\u00bbm-t-lg m-b-xs\u00bb][vc_column_text el_class=\u00bbm-b\u00bb]\u00a040.640335,0.586867[\/vc_column_text][vc_custom_heading text=\u00bbCOMO LLEGAR?\u00bb font_container=\u00bbtag:h5|text_align:left\u00bb use_theme_fonts=\u00bbyes\u00bb el_class=\u00bbm-t-lg m-b-xs\u00bb][vc_column_text el_class=\u00bbm-b\u00bb] Salida 41 de l&#8217;AP-7 &#8211; Seguir por la N-340 direcci\u00f3n San Carlos [&hellip;]<\/p>\n","protected":false},"author":1,"featured_media":0,"parent":0,"menu_order":0,"comment_status":"closed","ping_status":"closed","template":"","meta":{"_joinchat":[],"footnotes":""},"class_list":["post-1511","page","type-page","status-publish","hentry"],"_links":{"self":[{"href":"https:\/\/alberglarapita.com\/es\/wp-json\/wp\/v2\/pages\/1511","targetHints":{"allow":["GET"]}}],"collection":[{"href":"https:\/\/alberglarapita.com\/es\/wp-json\/wp\/v2\/pages"}],"about":[{"href":"https:\/\/alberglarapita.com\/es\/wp-json\/wp\/v2\/types\/page"}],"author":[{"embeddable":true,"href":"https:\/\/alberglarapita.com\/es\/wp-json\/wp\/v2\/users\/1"}],"replies":[{"embeddable":true,"href":"https:\/\/alberglarapita.com\/es\/wp-json\/wp\/v2\/comments?post=1511"}],"version-history":[{"count":0,"href":"https:\/\/alberglarapita.com\/es\/wp-json\/wp\/v2\/pages\/1511\/revisions"}],"wp:attachment":[{"href":"https:\/\/alberglarapita.com\/es\/wp-json\/wp\/v2\/media?parent=1511"}],"curies":[{"name":"wp","href":"https:\/\/api.w.org\/{rel}","templated":true}]}}