{"id":1638,"date":"2019-09-18T19:48:48","date_gmt":"2019-09-18T17:48:48","guid":{"rendered":"https:\/\/new.alberglarapita.com\/casa-de-colonies\/"},"modified":"2019-10-02T10:10:46","modified_gmt":"2019-10-02T08:10:46","slug":"casa-de-colonies","status":"publish","type":"page","link":"https:\/\/alberglarapita.com\/es\/casa-de-colonias\/","title":{"rendered":"Casa de Colonias"},"content":{"rendered":"<div class=\"wpb-content-wrapper\"><p>[vc_row wrap_container=\u00bbyes\u00bb][vc_column][vc_custom_heading text=\u00bbCasa de Colonias<strong> \u00abAlberg\u00bb la R\u00e1pita <\/strong>\u00bb font_container=\u00bbtag:h2|text_align:center\u00bb use_theme_fonts=\u00bbyes\u00bb el_class=\u00bbm-t-xxl m-b-sm\u00bb][vc_separator color=\u00bbcustom\u00bb style=\u00bbpattern\u00bb pattern_repeat=\u00bbno-repeat\u00bb pattern_position=\u00bbcenter center\u00bb pattern_height=\u00bb16&#8243; gap=\u00bbtaller\u00bb pattern=\u00bb26&#8243;][vc_row_inner el_class=\u00bbm-b-xlg\u00bb][vc_column_inner width=\u00bb1\/2&#8243; animation_type=\u00bbfadeInUp\u00bb][vc_column_text]<\/p>\n<p style=\"text-align: left;\">Bienvenidos a la Casa de Colonias de San Carlos de la R\u00e1pita, Complejo tur\u00edstico de \u00abl&#8217;Alberg\u00bb. Inaguraci\u00f3n en marzo del 1995 y con capacidad oficial para 178 plazas. En \u00e9l, tanto el paisaje, instalaciones y nuestros colaboradores, le dar\u00e1n, la confianza, calidad y diversi\u00f3n que espera.<\/p>\n<p style=\"text-align: left;\">El Delta del Ebro es un lugar ideal para realizar colonias para grupos de ni\u00f1os y j\u00f3venes. Acercarse al medio natural y conocer el Parque Natural del Delta del Ebro, es sin duda una experiencia extraordinaria. Ven a un lugar genuino, cerca de la naturaleza y de tus amigos y lejos de la rutina. En las Casa de Colonias San Carlos de la R\u00e1pita te esperan sus espacios privilegiados para compartir y convivir.<\/p>\n<p style=\"text-align: left;\">Men\u00fas para grupos, altamente equilibrados para j\u00f3venes y deportistas. Amplios espacios para el ocio, propios para concentraciones deportivas. Posibilidad de excursiones al Delta del Ebro, playas, Parque tem\u00e1tico \u00abPort Aventura\u00bb, etc.<\/p>\n<p>[\/vc_column_text][\/vc_column_inner][vc_column_inner width=\u00bb1\/2&#8243; animation_delay=\u00bb300&#8243; animation_type=\u00bbfadeInUp\u00bb][vc_raw_html]JTNDaWZyYW1lJTIwd2lkdGglM0QlMjIxMDAlMjUlMjIlMjBoZWlnaHQlM0QlMjIzMTUlMjIlMjBzcmMlM0QlMjJodHRwcyUzQSUyRiUyRnd3dy55b3V0dWJlLW5vY29va2llLmNvbSUyRmVtYmVkJTJGdC1ERVZkY2J5YW8lM0ZyZWwlM0QwJTIyJTIwZnJhbWVib3JkZXIlM0QlMjIwJTIyJTIwYWxsb3clM0QlMjJhY2NlbGVyb21ldGVyJTNCJTIwYXV0b3BsYXklM0IlMjBlbmNyeXB0ZWQtbWVkaWElM0IlMjBneXJvc2NvcGUlM0IlMjBwaWN0dXJlLWluLXBpY3R1cmUlMjIlMjBhbGxvd2Z1bGxzY3JlZW4lM0UlM0MlMkZpZnJhbWUlM0U=[\/vc_raw_html][\/vc_column_inner][\/vc_row_inner]<div class=\"porto-btn-ctn-center \"><a class=\"porto-btn porto-adjust-bottom-margin porto-btn-block porto-btn-fade-bg   wpb_custom_fa51088c2567b780100c1edcf8821d3b  porto-btn-center  \" title='Solicitar m\u00e1s informaci\u00f3n' rel='' href = \"https:\/\/alberglarapita.com\/es\/casa-de-colonias\/reservas\/\"  data-hover=\"\" data-border-color=\"\" data-bg=\"#691411\" data-hover-bg=\"#9c8516\" data-border-hover=\"\" data-shadow-click=\"none\" data-shadow=\"\" style=\"font-size:20px;line-height:23px;border:none;background: #691411;color: #ffffff;\"><span class=\"porto-btn-hover\" style=\"background-color:#9c8516\"><\/span><span class=\"porto-btn-data porto-btn-text \" >Solicitar m\u00e1s informaci\u00f3n<\/span><\/a><\/div>[\/vc_column][\/vc_row][vc_row full_width=\u00bbstretch_row\u00bb css=\u00bb.vc_custom_1569860978806{padding-bottom: 60px !important;background-color: #efece8 !important;}\u00bb][vc_column][vc_custom_heading text=\u00bb<strong>Instalaciones y Servicios <\/strong> de la Casa de Colonias\u00bb font_container=\u00bbtag:h3|text_align:center\u00bb use_theme_fonts=\u00bbyes\u00bb el_class=\u00bbm-t-xxl m-b-sm\u00bb][vc_column_text]<\/p>\n<p style=\"text-align: center;\">Disponemos de completas equipaciones para la realizaci\u00f3n de estancias o colonias escolares o de entidades.<\/p>\n<p>[\/vc_column_text][vc_separator color=\u00bbcustom\u00bb style=\u00bbpattern\u00bb pattern_repeat=\u00bbno-repeat\u00bb pattern_position=\u00bbcenter center\u00bb pattern_height=\u00bb16&#8243; gap=\u00bbtaller\u00bb pattern=\u00bb26&#8243; el_class=\u00bbestret\u00bb][vc_row_inner css=\u00bb.vc_custom_1569088736160{margin-top: 0px !important;}\u00bb][vc_column_inner width=\u00bb1\/6&#8243; css=\u00bb.vc_custom_1569088563837{margin-top: 50px !important;}\u00bb]<div class=\"porto-just-icon-wrapper porto-icon none\" style=\"color:#691411;font-size:50px;\"><i class=\"fas fa-wheelchair\"><\/i><\/div>[vc_custom_heading text=\u00bbAdaptado parcialmente para discapacitados\u00bb font_container=\u00bbtag:h4|text_align:center\u00bb use_theme_fonts=\u00bbyes\u00bb el_class=\u00bbm-t-xxl m-b-sm\u00bb css=\u00bb.vc_custom_1569164460186{margin-top: 15px !important;}\u00bb][\/vc_column_inner][vc_column_inner width=\u00bb1\/6&#8243; css=\u00bb.vc_custom_1569088572851{margin-top: 50px !important;}\u00bb]<div class=\"porto-just-icon-wrapper porto-icon none\" style=\"color:#691411;font-size:50px;\"><i class=\"fas fa-bed\"><\/i><\/div>[vc_custom_heading text=\u00bbHabitaciones de 6 a 8 personas con ba\u00f1o propio\u00bb font_container=\u00bbtag:h4|text_align:center\u00bb use_theme_fonts=\u00bbyes\u00bb el_class=\u00bbm-t-xxl m-b-sm\u00bb css=\u00bb.vc_custom_1569164490616{margin-top: 15px !important;}\u00bb][\/vc_column_inner][vc_column_inner width=\u00bb1\/6&#8243; css=\u00bb.vc_custom_1569088602892{margin-top: 50px !important;}\u00bb]<div class=\"porto-just-icon-wrapper porto-icon none\" style=\"color:#691411;font-size:50px;\"><i class=\"fas fa-volleyball-ball\"><\/i><\/div>[vc_custom_heading text=\u00bbPista Polideportiva, Campo de futbol de c\u00e9sped natural y Front\u00f3n\u00bb font_container=\u00bbtag:h4|text_align:center\u00bb use_theme_fonts=\u00bbyes\u00bb el_class=\u00bbm-t-xxl m-b-sm\u00bb css=\u00bb.vc_custom_1569165185458{margin-top: 15px !important;}\u00bb][\/vc_column_inner][vc_column_inner width=\u00bb1\/6&#8243; css=\u00bb.vc_custom_1569088583269{margin-top: 50px !important;}\u00bb]<div class=\"porto-just-icon-wrapper porto-icon none\" style=\"color:#691411;font-size:50px;\"><i class=\"fas fa-swimming-pool\"><\/i><\/div>[vc_custom_heading text=\u00bbPiscina\u00bb font_container=\u00bbtag:h4|text_align:center\u00bb use_theme_fonts=\u00bbyes\u00bb el_class=\u00bbm-t-xxl m-b-sm\u00bb css=\u00bb.vc_custom_1569084579956{margin-top: 15px !important;}\u00bb][\/vc_column_inner][vc_column_inner width=\u00bb1\/6&#8243; css=\u00bb.vc_custom_1569088593218{margin-top: 50px !important;}\u00bb]<div class=\"porto-just-icon-wrapper porto-icon none\" style=\"color:#691411;font-size:50px;\"><i class=\"fas fa-chess-knight\"><\/i><\/div>[vc_custom_heading text=\u00bbJuegos de Mesa\u00bb font_container=\u00bbtag:h4|text_align:center\u00bb use_theme_fonts=\u00bbyes\u00bb el_class=\u00bbm-t-xxl m-b-sm\u00bb css=\u00bb.vc_custom_1569164593205{margin-top: 15px !important;}\u00bb][\/vc_column_inner][vc_column_inner width=\u00bb1\/6&#8243; css=\u00bb.vc_custom_1569088598503{margin-top: 50px !important;}\u00bb]<div class=\"porto-just-icon-wrapper porto-icon none\" style=\"color:#691411;font-size:50px;\"><i class=\"fas fa-bicycle\"><\/i><\/div>[vc_custom_heading text=\u00bbAlquiler de Bicicletas\u00bb font_container=\u00bbtag:h4|text_align:center\u00bb use_theme_fonts=\u00bbyes\u00bb el_class=\u00bbm-t-xxl m-b-sm\u00bb css=\u00bb.vc_custom_1569164608758{margin-top: 15px !important;}\u00bb][\/vc_column_inner][\/vc_row_inner][vc_row_inner][vc_column_inner width=\u00bb1\/6&#8243; css=\u00bb.vc_custom_1569088474513{margin-top: 50px !important;}\u00bb]<div class=\"porto-just-icon-wrapper porto-icon none\" style=\"color:#691411;font-size:50px;\"><i class=\"fas fa-tree\"><\/i><\/div>[vc_custom_heading text=\u00bbBosque Propio\u00bb font_container=\u00bbtag:h4|text_align:center\u00bb use_theme_fonts=\u00bbyes\u00bb el_class=\u00bbm-t-xxl m-b-sm\u00bb css=\u00bb.vc_custom_1569164623104{margin-top: 15px !important;}\u00bb][\/vc_column_inner][vc_column_inner width=\u00bb1\/6&#8243; css=\u00bb.vc_custom_1569088479382{margin-top: 50px !important;}\u00bb]<div class=\"porto-just-icon-wrapper porto-icon none\" style=\"color:#691411;font-size:50px;\"><i class=\"fas fa-temperature-high\"><\/i><\/div>[vc_custom_heading text=\u00bbCalefacci\u00f3n\u00bb font_container=\u00bbtag:h4|text_align:center\u00bb use_theme_fonts=\u00bbyes\u00bb el_class=\u00bbm-t-xxl m-b-sm\u00bb css=\u00bb.vc_custom_1569164652998{margin-top: 15px !important;}\u00bb][\/vc_column_inner][vc_column_inner width=\u00bb1\/6&#8243; css=\u00bb.vc_custom_1569088484065{margin-top: 50px !important;}\u00bb]<div class=\"porto-just-icon-wrapper porto-icon none\" style=\"color:#691411;font-size:50px;\"><i class=\"fas fa-mug-hot\"><\/i><\/div>[vc_custom_heading text=\u00bbMicroondas de uso p\u00fablico\u00bb font_container=\u00bbtag:h4|text_align:center\u00bb use_theme_fonts=\u00bbyes\u00bb el_class=\u00bbm-t-xxl m-b-sm\u00bb css=\u00bb.vc_custom_1569164705729{margin-top: 15px !important;}\u00bb][\/vc_column_inner][vc_column_inner width=\u00bb1\/6&#8243; css=\u00bb.vc_custom_1569088607999{margin-top: 50px !important;}\u00bb]<div class=\"porto-just-icon-wrapper porto-icon none\" style=\"color:#691411;font-size:50px;\"><i class=\"fas fa-temperature-low\"><\/i><\/div>[vc_custom_heading text=\u00bbFrigor\u00edfico de uso p\u00fablico\u00bb font_container=\u00bbtag:h4|text_align:center\u00bb use_theme_fonts=\u00bbyes\u00bb el_class=\u00bbm-t-xxl m-b-sm\u00bb css=\u00bb.vc_custom_1569164767795{margin-top: 15px !important;}\u00bb][\/vc_column_inner][vc_column_inner width=\u00bb1\/6&#8243; css=\u00bb.vc_custom_1569088615560{margin-top: 50px !important;}\u00bb]<div class=\"porto-just-icon-wrapper porto-icon none\" style=\"color:#691411;font-size:50px;\"><i class=\"fas fa-phone\"><\/i><\/div>[vc_custom_heading text=\u00bbTel\u00e9fono P\u00fablico\u00bb font_container=\u00bbtag:h4|text_align:center\u00bb use_theme_fonts=\u00bbyes\u00bb el_class=\u00bbm-t-xxl m-b-sm\u00bb css=\u00bb.vc_custom_1569164785584{margin-top: 15px !important;}\u00bb][\/vc_column_inner][vc_column_inner width=\u00bb1\/6&#8243; css=\u00bb.vc_custom_1569088623425{margin-top: 50px !important;}\u00bb]<div class=\"porto-just-icon-wrapper porto-icon none\" style=\"color:#691411;font-size:50px;\"><i class=\"fas fa-clinic-medical\"><\/i><\/div>[vc_custom_heading text=\u00bbServicio M\u00e9dico Pr\u00f3ximo\u00bb font_container=\u00bbtag:h4|text_align:center\u00bb use_theme_fonts=\u00bbyes\u00bb el_class=\u00bbm-t-xxl m-b-sm\u00bb css=\u00bb.vc_custom_1569164814458{margin-top: 15px !important;}\u00bb][\/vc_column_inner][\/vc_row_inner][vc_row_inner css=\u00bb.vc_custom_1569084395009{margin-top: 20px !important;}\u00bb][vc_column_inner width=\u00bb1\/6&#8243;][\/vc_column_inner][vc_column_inner width=\u00bb1\/6&#8243; css=\u00bb.vc_custom_1569088629022{margin-top: 50px !important;}\u00bb]<div class=\"porto-just-icon-wrapper porto-icon none\" style=\"color:#691411;font-size:50px;\"><i class=\"fas fa-drum\"><\/i><\/div>[vc_custom_heading text=\u00bbSala de Ensayo\u00bb font_container=\u00bbtag:h4|text_align:center\u00bb use_theme_fonts=\u00bbyes\u00bb el_class=\u00bbm-t-xxl m-b-sm\u00bb css=\u00bb.vc_custom_1569164828321{margin-top: 15px !important;}\u00bb][\/vc_column_inner][vc_column_inner width=\u00bb1\/6&#8243; css=\u00bb.vc_custom_1569088634842{margin-top: 50px !important;}\u00bb]<div class=\"porto-just-icon-wrapper porto-icon none\" style=\"color:#691411;font-size:50px;\"><i class=\"fas fa-torii-gate\"><\/i><\/div>[vc_custom_heading text=\u00bbSala de Actividades\u00bb font_container=\u00bbtag:h4|text_align:center\u00bb use_theme_fonts=\u00bbyes\u00bb el_class=\u00bbm-t-xxl m-b-sm\u00bb css=\u00bb.vc_custom_1569164850640{margin-top: 15px !important;}\u00bb][\/vc_column_inner][vc_column_inner width=\u00bb1\/6&#8243; css=\u00bb.vc_custom_1569088640053{margin-top: 50px !important;}\u00bb]<div class=\"porto-just-icon-wrapper porto-icon none\" style=\"color:#691411;font-size:50px;\"><i class=\"fas fa-bus\"><\/i><\/div>[vc_custom_heading text=\u00bbCerca de Transporte p\u00fablico\u00bb font_container=\u00bbtag:h4|text_align:center\u00bb use_theme_fonts=\u00bbyes\u00bb el_class=\u00bbm-t-xxl m-b-sm\u00bb css=\u00bb.vc_custom_1569164874799{margin-top: 15px !important;}\u00bb][\/vc_column_inner][vc_column_inner width=\u00bb1\/6&#8243; css=\u00bb.vc_custom_1569088650082{margin-top: 50px !important;}\u00bb]<div class=\"porto-just-icon-wrapper porto-icon none\" style=\"color:#691411;font-size:50px;\"><i class=\"fas fa-utensils\"><\/i><\/div>[vc_custom_heading text=\u00bbServicio de Restaurante MP\/PC\u00bb font_container=\u00bbtag:h4|text_align:center\u00bb use_theme_fonts=\u00bbyes\u00bb el_class=\u00bbm-t-xxl m-b-sm\u00bb css=\u00bb.vc_custom_1569164897387{margin-top: 15px !important;}\u00bb][\/vc_column_inner][vc_column_inner width=\u00bb1\/6&#8243;][\/vc_column_inner][\/vc_row_inner][\/vc_column][\/vc_row][vc_row wrap_container=\u00bbyes\u00bb][vc_column][vc_custom_heading text=\u00bbGaler\u00eda <strong>Multimedia <\/strong>\u00bb font_container=\u00bbtag:h3|text_align:center\u00bb use_theme_fonts=\u00bbyes\u00bb el_class=\u00bbm-t-xxl m-b-sm\u00bb][vc_separator color=\u00bbcustom\u00bb style=\u00bbpattern\u00bb pattern_repeat=\u00bbno-repeat\u00bb pattern_position=\u00bbcenter center\u00bb pattern_height=\u00bb16&#8243; gap=\u00bbtaller\u00bb pattern=\u00bb26&#8243; el_class=\u00bbestret\u00bb][vc_column_text]<\/p>\n<p style=\"text-align: center;\">Les mostramos imagenes de algunas estancias que se han realizado en nuestra Casa de Colonias.<\/p>\n<p>[\/vc_column_text][\/vc_column][\/vc_row][vc_row wrap_container=\u00bbyes\u00bb][vc_column]<div id=\"porto-portfolio-7063\" class=\"porto-portfolios porto-portfolioszgdq wpb_content_element \">\n\t<div class=\"page-portfolios clearfix portfolios-masonry-creative wpb_custom_f766824d32289da1f974c4f6f5382936\" id=\"porto_portfolios_9m5q\">\n\n\t\n\t\n\t<style scope=\"scope\">#porto-portfolio-7063 .grid-col-1-4{ flex: 0 0 auto; width: 25%; }#porto-portfolio-7063 .grid-col-1-2{ flex: 0 0 auto; width: 50%; }#porto-portfolio-7063 .grid-col-sizer { flex: 0 0 auto; width: 25% }@media (max-width: 767px) {#porto-portfolio-7063 .grid-col-md-1-2{ flex: 0 0 auto; width: 50%; }#porto-portfolio-7063 .grid-col-md-1{ flex: 0 0 auto; width: 100%; }#porto-portfolio-7063 .grid-col-sizer { flex: 0 0 50%; width: 50% }}@media (max-width: 480px) {#porto-portfolio-7063 article.portfolio { flex: 0 0 auto; width: 100%; }}<\/style>\t\t<div class=\"portfolios-container portfolio-row portfolio-row-3 classic\" data-plugin-masonry data-plugin-options=\"{&quot;itemSelector&quot;:&quot;.portfolio&quot;,&quot;animationEngine&quot;:&quot;best-available&quot;,&quot;masonry&quot;:{&quot;columnWidth&quot;:&quot;.grid-col-sizer&quot;}}\">\n\n\t\n\t\t<article class=\"portfolio portfolio-masonry grid-col-1-4 grid-col-md-1-2 casa-de-colonias post-2646 type-portfolio status-publish has-post-thumbnail hentry portfolio_cat-casa-de-colonias\">\n\t\t\t\t<div class=\"portfolio-item default\">\n\t\t\t\t\t\t<a class=\"text-decoration-none portfolio-link\" href=\"https:\/\/alberglarapita.com\/es\/multimedia\/estades-musicals-1\/\">\n\t\t\t\t<span class=\"thumb-info thumb-info-no-borders thumb-info-lighten\">\n\t\t\t\t\t<span class=\"thumb-info-wrapper\">\n\t\t\t\t\t\t\t\t\t\t\t\t\t\t\t<img loading=\"lazy\" decoding=\"async\" class=\"img-responsive lazyload\" width=\"300\" height=\"200\" data-src=\"https:\/\/alberglarapita.com\/wp-content\/uploads\/2019\/09\/estades-musicals-29--300x200.jpg\" alt=\"\" src=\"data:image\/gif;base64,R0lGODlhAQABAAAAACH5BAEKAAEALAAAAAABAAEAAAICTAEAOw==\" style=\"--smush-placeholder-width: 300px; --smush-placeholder-aspect-ratio: 300\/200;\" \/><noscript><img loading=\"lazy\" decoding=\"async\" class=\"img-responsive\" width=\"300\" height=\"200\" src=\"https:\/\/alberglarapita.com\/wp-content\/uploads\/2019\/09\/estades-musicals-29--300x200.jpg\" alt=\"\" \/><\/noscript>\n\t\t\t\t\t\t\t\t\t\n\t\t\t\t\t\t\n\t\t\t\t\t\t\t\t\t\t\t\t\t\t\t\t\t\t\t\t<span class=\"thumb-info-title\">\n\t\t\t\t\t\t\t\t<span class=\"thumb-info-inner\">Estadas Musicales 1<\/span>\n\t\t\t\t\t\t\t\t\t\t\t\t\t\t\t\t\t\t<span class=\"thumb-info-type\">Casa de colonias<\/span>\n\t\t\t\t\t\t\t\t\t\t\t\t\t\t\t\t<\/span>\n\t\t\t\t\t\t\t\t\t\t\t\t\t\t\t\t\t\t\t\t\t\t\t\t\t\t\t<span class=\"thumb-info-action\">\n\t\t\t\t\t\t\t\t\t\t\t\t\t\t\t\t\t<span class=\"thumb-info-action-icon thumb-info-action-icon-dark opacity-8\"><i class=\"fa fa-link\"><\/i><\/span>\n\t\t\t\t\t\t\t\t\t\t\t\t\t\t\t\t\t\t\t\t\t\t\t<\/span>\n\t\t\t\t\t\t\t\t\t\t\t\t\t\t\t\t\t<\/span>\n\t\t\t\t<\/span>\n\t\t\t<\/a>\n\t\t\t\n\t\t\t\t\t<\/div>\n\t<\/article>\n\t<div class=\"grid-col-sizer\"><\/div>\n\t\n\t\n\t\t<\/div>\n\n\t\n\t\n\t<\/div>\n\n\t\n\t\n\t<\/div>[\/vc_column][\/vc_row]<\/p>\n<\/div>","protected":false},"excerpt":{"rendered":"<p>[vc_row wrap_container=\u00bbyes\u00bb][vc_column][vc_custom_heading text=\u00bbCasa de Colonias \u00abAlberg\u00bb la R\u00e1pita \u00bb font_container=\u00bbtag:h2|text_align:center\u00bb use_theme_fonts=\u00bbyes\u00bb el_class=\u00bbm-t-xxl m-b-sm\u00bb][vc_separator color=\u00bbcustom\u00bb style=\u00bbpattern\u00bb pattern_repeat=\u00bbno-repeat\u00bb pattern_position=\u00bbcenter center\u00bb pattern_height=\u00bb16&#8243; gap=\u00bbtaller\u00bb pattern=\u00bb26&#8243;][vc_row_inner el_class=\u00bbm-b-xlg\u00bb][vc_column_inner width=\u00bb1\/2&#8243; animation_type=\u00bbfadeInUp\u00bb][vc_column_text] Bienvenidos a la Casa de Colonias de San Carlos de la R\u00e1pita, Complejo tur\u00edstico de \u00abl&#8217;Alberg\u00bb. Inaguraci\u00f3n en marzo del 1995 y con capacidad oficial para 178 plazas. En \u00e9l, tanto [&hellip;]<\/p>\n","protected":false},"author":1,"featured_media":0,"parent":0,"menu_order":0,"comment_status":"closed","ping_status":"closed","template":"","meta":{"_joinchat":[],"footnotes":""},"class_list":["post-1638","page","type-page","status-publish","hentry"],"_links":{"self":[{"href":"https:\/\/alberglarapita.com\/es\/wp-json\/wp\/v2\/pages\/1638","targetHints":{"allow":["GET"]}}],"collection":[{"href":"https:\/\/alberglarapita.com\/es\/wp-json\/wp\/v2\/pages"}],"about":[{"href":"https:\/\/alberglarapita.com\/es\/wp-json\/wp\/v2\/types\/page"}],"author":[{"embeddable":true,"href":"https:\/\/alberglarapita.com\/es\/wp-json\/wp\/v2\/users\/1"}],"replies":[{"embeddable":true,"href":"https:\/\/alberglarapita.com\/es\/wp-json\/wp\/v2\/comments?post=1638"}],"version-history":[{"count":0,"href":"https:\/\/alberglarapita.com\/es\/wp-json\/wp\/v2\/pages\/1638\/revisions"}],"wp:attachment":[{"href":"https:\/\/alberglarapita.com\/es\/wp-json\/wp\/v2\/media?parent=1638"}],"curies":[{"name":"wp","href":"https:\/\/api.w.org\/{rel}","templated":true}]}}