{"id":2556,"date":"2019-09-27T18:00:26","date_gmt":"2019-09-27T16:00:26","guid":{"rendered":"https:\/\/new.alberglarapita.com\/altres-celebracions\/"},"modified":"2019-09-30T18:56:20","modified_gmt":"2019-09-30T16:56:20","slug":"altres-celebracions","status":"publish","type":"page","link":"https:\/\/alberglarapita.com\/es\/restaurante\/otras-celebraciones\/","title":{"rendered":"Otras celebraciones"},"content":{"rendered":"<div class=\"wpb-content-wrapper\"><p>[vc_row wrap_container=\u00bbyes\u00bb css=\u00bb.vc_custom_1569313418350{margin-bottom: 25px !important;}\u00bb][vc_column][vc_custom_heading text=\u00bbOtras <strong>Celebraciones<\/strong>\u00bb font_container=\u00bbtag:h2|text_align:center\u00bb use_theme_fonts=\u00bbyes\u00bb el_class=\u00bbm-t-xxl m-b-sm\u00bb][vc_separator color=\u00bbcustom\u00bb style=\u00bbpattern\u00bb pattern_repeat=\u00bbno-repeat\u00bb pattern_position=\u00bbcenter center\u00bb pattern_height=\u00bb16&#8243; gap=\u00bbtaller\u00bb pattern=\u00bb26&#8243;][vc_column_text]<\/p>\n<p style=\"text-align: center;\">Ponemos a vuestra disposici\u00f3n toda nuestra experiencia en organizaci\u00f3n de grandes acontecimientos para que disfrut\u00e9is de vuestra celebraci\u00f3n.<\/p>\n<p style=\"text-align: center;\">El entorno privilegiado y su tranquilidad hacen de \u00abl&#8217;Alberg\u00bb un espacio \u00fanico para cumplea\u00f1os, celebraciones familiares, bodas de plata y de oro, cenas de empresa, comidas de asociaciones culturales y deportivas y un largo etc\u00e9tera.<\/p>\n<p style=\"text-align: center;\">Ponemos a vuestra disposici\u00f3n personal altamente cualificado y nuestra cocina mediterr\u00e1nea que combina modernidad y tradici\u00f3n, y elaboramos un exquisito men\u00fa adaptado a vuestras necesidades.<\/p>\n<p>[\/vc_column_text][\/vc_column][\/vc_row][vc_row full_width=\u00bbstretch_row\u00bb css=\u00bb.vc_custom_1569262980422{padding-bottom: 60px !important;background-color: #efece8 !important;}\u00bb][vc_column][vc_row_inner][vc_column_inner width=\u00bb1\/3&#8243;]<div class=\"porto-just-icon-wrapper porto-icon none  vc_custom_1569308886058\" style=\"color:#691411;font-size:50px;\"><i class=\"fas fa-users\"><\/i><\/div>[vc_custom_heading text=\u00bbCapacidad hasta 300 personas\u00bb font_container=\u00bbtag:h4|text_align:center\u00bb use_theme_fonts=\u00bbyes\u00bb el_class=\u00bbm-t-xxl m-b-sm\u00bb css=\u00bb.vc_custom_1569600579533{margin-top: 15px !important;}\u00bb][\/vc_column_inner][vc_column_inner width=\u00bb1\/3&#8243; css=\u00bb.vc_custom_1569313045377{margin-top: 75px !important;}\u00bb]<div class=\"porto-just-icon-wrapper porto-icon none\" style=\"color:#691411;font-size:50px;\"><i class=\"fas fa-bed\"><\/i><\/div>[vc_custom_heading text=\u00bbPosibilidad de alojamiento\u00bb font_container=\u00bbtag:h4|text_align:center\u00bb use_theme_fonts=\u00bbyes\u00bb el_class=\u00bbm-t-xxl m-b-sm\u00bb css=\u00bb.vc_custom_1569600632956{margin-top: 15px !important;}\u00bb][\/vc_column_inner][vc_column_inner width=\u00bb1\/3&#8243; css=\u00bb.vc_custom_1569313051367{margin-top: 75px !important;}\u00bb]<div class=\"porto-just-icon-wrapper porto-icon none\" style=\"color:#691411;font-size:50px;\"><i class=\"fas fa-tree\"><\/i><\/div>[vc_custom_heading text=\u00bb300 m\u00b2 de zona ajardinada con piscina para ceremonias y\/o aperitivos\u00bb font_container=\u00bbtag:h4|text_align:center\u00bb use_theme_fonts=\u00bbyes\u00bb el_class=\u00bbm-t-xxl m-b-sm\u00bb css=\u00bb.vc_custom_1569600658086{margin-top: 15px !important;}\u00bb][\/vc_column_inner][\/vc_row_inner][vc_row_inner][vc_column_inner width=\u00bb1\/3&#8243; css=\u00bb.vc_custom_1569313056255{margin-top: 75px !important;}\u00bb]<div class=\"porto-just-icon-wrapper porto-icon none\" style=\"color:#691411;font-size:50px;\"><i class=\"fas fa-utensils\"><\/i><\/div>[vc_custom_heading text=\u00bbMen\u00fas personalizados y adaptados a las necesidades de cada cliente\u00bb font_container=\u00bbtag:h4|text_align:center\u00bb use_theme_fonts=\u00bbyes\u00bb el_class=\u00bbm-t-xxl m-b-sm\u00bb css=\u00bb.vc_custom_1569600684878{margin-top: 15px !important;}\u00bb][\/vc_column_inner][vc_column_inner width=\u00bb1\/3&#8243; css=\u00bb.vc_custom_1569313061366{margin-top: 75px !important;}\u00bb]<div class=\"porto-just-icon-wrapper porto-icon none\" style=\"color:#691411;font-size:50px;\"><i class=\"far fa-handshake\"><\/i><\/div>[vc_custom_heading text=\u00bbTrato familiar y personalizado\u00bb font_container=\u00bbtag:h4|text_align:center\u00bb use_theme_fonts=\u00bbyes\u00bb el_class=\u00bbm-t-xxl m-b-sm\u00bb css=\u00bb.vc_custom_1569600716788{margin-top: 15px !important;}\u00bb][\/vc_column_inner][vc_column_inner width=\u00bb1\/3&#8243; css=\u00bb.vc_custom_1569313067683{margin-top: 75px !important;}\u00bb]<div class=\"porto-just-icon-wrapper porto-icon none\" style=\"color:#691411;font-size:50px;\"><i class=\"fas fa-child\"><\/i><\/div>[vc_custom_heading text=\u00bbAmplia zona de recreo para los m\u00e1s peque\u00f1os\u00bb font_container=\u00bbtag:h4|text_align:center\u00bb use_theme_fonts=\u00bbyes\u00bb el_class=\u00bbm-t-xxl m-b-sm\u00bb css=\u00bb.vc_custom_1569600732694{margin-top: 15px !important;}\u00bb][\/vc_column_inner][\/vc_row_inner][\/vc_column][\/vc_row][vc_row wrap_container=\u00bbyes\u00bb css=\u00bb.vc_custom_1569313477525{margin-bottom: 75px !important;}\u00bb][vc_column][vc_custom_heading text=\u00bbSolicita m\u00e1s <strong>Informaci\u00f3n <\/strong>\u00bb font_container=\u00bbtag:h3|text_align:center\u00bb use_theme_fonts=\u00bbyes\u00bb el_class=\u00bbm-t-xxl m-b-sm\u00bb]\n<div class=\"wpcf7 no-js\" id=\"wpcf7-f2572-o1\" lang=\"en-US\" dir=\"ltr\" data-wpcf7-id=\"2572\">\n<div class=\"screen-reader-response\"><p role=\"status\" aria-live=\"polite\" aria-atomic=\"true\"><\/p> <ul><\/ul><\/div>\n<form action=\"\/es\/wp-json\/wp\/v2\/pages\/2556#wpcf7-f2572-o1\" method=\"post\" class=\"wpcf7-form init wpcf7-acceptance-as-validation\" aria-label=\"Contact form\" novalidate=\"novalidate\" data-status=\"init\">\n<fieldset class=\"hidden-fields-container\"><input type=\"hidden\" name=\"_wpcf7\" value=\"2572\" \/><input type=\"hidden\" name=\"_wpcf7_version\" value=\"6.1.5\" \/><input type=\"hidden\" name=\"_wpcf7_locale\" value=\"en_US\" \/><input type=\"hidden\" name=\"_wpcf7_unit_tag\" value=\"wpcf7-f2572-o1\" \/><input type=\"hidden\" name=\"_wpcf7_container_post\" value=\"0\" \/><input type=\"hidden\" name=\"_wpcf7_posted_data_hash\" value=\"\" \/><input type=\"hidden\" name=\"_wpcf7dtx_version\" value=\"5.0.5\" \/><input type=\"hidden\" name=\"_wpcf7_recaptcha_response\" value=\"\" \/>\n<\/fieldset>\n<div class=\"row\">\n\t<div class=\"col-lg-12\">\n\t\t<div class=\"form-group\">\n\t\t\t<p><label for=\"contact-name\">Nombre y Apellidos *<\/label><br \/>\n<span class=\"wpcf7-form-control-wrap\" data-name=\"your-name\"><input size=\"40\" maxlength=\"400\" class=\"wpcf7-form-control wpcf7-text wpcf7-validates-as-required form-control\" id=\"contact-name\" aria-required=\"true\" aria-invalid=\"false\" value=\"\" type=\"text\" name=\"your-name\" \/><\/span>\n\t\t\t<\/p>\n\t\t<\/div>\n\t<\/div>\n\t<div class=\"col-lg-6\">\n\t\t<div class=\"form-group\">\n\t\t\t<p><label for=\"contact-email\">Correo Electr\u00f3nico *<\/label><br \/>\n<span class=\"wpcf7-form-control-wrap\" data-name=\"your-email\"><input size=\"40\" maxlength=\"400\" class=\"wpcf7-form-control wpcf7-email wpcf7-validates-as-required wpcf7-text wpcf7-validates-as-email form-control\" id=\"contact-email\" aria-required=\"true\" aria-invalid=\"false\" value=\"\" type=\"email\" name=\"your-email\" \/><\/span>\n\t\t\t<\/p>\n\t\t<\/div>\n\t<\/div>\n\t<div class=\"col-lg-6\">\n\t\t<div class=\"form-group\">\n\t\t\t<p><label for=\"contact-email\">Tel\u00e9fono de Contacto<\/label><br \/>\n<span class=\"wpcf7-form-control-wrap\" data-name=\"telefon\"><input size=\"40\" maxlength=\"400\" class=\"wpcf7-form-control wpcf7-tel wpcf7-text wpcf7-validates-as-tel form-control\" aria-invalid=\"false\" value=\"\" type=\"tel\" name=\"telefon\" \/><\/span>\n\t\t\t<\/p>\n\t\t<\/div>\n\t<\/div>\n\t<div class=\"col-lg-6\">\n\t\t<div class=\"form-group\">\n\t\t\t<p><label for=\"contact-subject\">\u00bfQu\u00e9 tipo de celebraci\u00f3n est\u00e1s preparando?<\/label><br \/>\n<span class=\"wpcf7-form-control-wrap\" data-name=\"celebracio\"><select class=\"wpcf7-form-control wpcf7-select wpcf7-validates-as-required form-control\" id=\"regim\" aria-required=\"true\" aria-invalid=\"false\" name=\"celebracio\"><option value=\"Boda\">Boda<\/option><option value=\"Comuni\u00f3n\">Comuni\u00f3n<\/option><option value=\"Bautizo\">Bautizo<\/option><option value=\"Aniversario\">Aniversario<\/option><option value=\"Otras Celebraciones\">Otras Celebraciones<\/option><\/select><\/span>\n\t\t\t<\/p>\n\t\t<\/div>\n\t<\/div>\n\t<div class=\"col-lg-6\">\n\t\t<div class=\"form-group\">\n\t\t\t<p><label for=\"contact-subject\">N\u00famero aproximado de comensales *<\/label><br \/>\n<span class=\"wpcf7-form-control-wrap\" data-name=\"comensals\"><input class=\"wpcf7-form-control wpcf7-number wpcf7-validates-as-required wpcf7-validates-as-number form-control\" id=\"contact-subject\" aria-required=\"true\" aria-invalid=\"false\" value=\"\" type=\"number\" name=\"comensals\" \/><\/span>\n\t\t\t<\/p>\n\t\t<\/div>\n\t<\/div>\n\t<div class=\"col-lg-6\">\n\t\t<div class=\"form-group\">\n\t\t\t<p><label for=\"contact-name\">Fecha de la celebraci\u00f3n<\/label><br \/>\n<span class=\"wpcf7-form-control-wrap\" data-name=\"data-celebracio\"><input class=\"wpcf7-form-control wpcf7-date wpcf7-validates-as-required wpcf7-validates-as-date form-control\" id=\"data-celebracio\" aria-required=\"true\" aria-invalid=\"false\" value=\"\" type=\"date\" name=\"data-celebracio\" \/><\/span>\n\t\t\t<\/p>\n\t\t<\/div>\n\t<\/div>\n\t<div class=\"col-lg-6\">\n\t\t<div class=\"form-group\">\n\t\t\t<p><label for=\"contact-subject\">\u00bfComida o Cena?<\/label><br \/>\n<span class=\"wpcf7-form-control-wrap\" data-name=\"apat\"><select class=\"wpcf7-form-control wpcf7-select wpcf7-validates-as-required form-control\" aria-required=\"true\" aria-invalid=\"false\" name=\"apat\"><option value=\"Comida\">Comida<\/option><option value=\"Cena\">Cena<\/option><\/select><\/span>\n\t\t\t<\/p>\n\t\t<\/div>\n\t<\/div>\n\t<div class=\"col-lg-12\">\n\t\t<div class=\"form-group\">\n\t\t\t<p><label for=\"contact-message\">Cu\u00e9ntanos m\u00e1s detalles de lo que est\u00e1s planeando<\/label><br \/>\n<span class=\"wpcf7-form-control-wrap\" data-name=\"your-message\"><textarea cols=\"40\" rows=\"3\" maxlength=\"2000\" class=\"wpcf7-form-control wpcf7-textarea wpcf7-validates-as-required form-control\" id=\"contact-message\" aria-required=\"true\" aria-invalid=\"false\" name=\"your-message\"><\/textarea><\/span>\n\t\t\t<\/p>\n\t\t<\/div>\n\t<\/div>\n\t<div class=\"col-lg-12\">\n\t\t<div class=\"form-group\">\n\t\t\t<p><span class=\"wpcf7-form-control-wrap\" data-name=\"acepta-rgpd\"><span class=\"wpcf7-form-control wpcf7-acceptance\"><span class=\"wpcf7-list-item\"><label><input type=\"checkbox\" name=\"acepta-rgpd\" value=\"1\" aria-invalid=\"false\" \/><span class=\"wpcf7-list-item-label\">He le\u00eddo y acepto el<a class=\"link-form\" href=\"https:\/\/alberglarapita.com\/es\/aviso-legal-y-politica-de-privacidad\/\">Aviso Legal y Pol\u00edtica de Privacidad<\/a>.<\/span><\/label><\/span><\/span><\/span><br \/>\n<span class=\"wpcf7-form-control-wrap\" data-name=\"acepta-butlleti\"><span class=\"wpcf7-form-control wpcf7-checkbox\"><span class=\"wpcf7-list-item first last\"><input type=\"checkbox\" name=\"acepta-butlleti[]\" value=\"Quiero suscribirme al bolet\u00edn electr\u00f3nico y recibir comunicaciones promocionales del Alberg la R\u00e1pita.\" \/><span class=\"wpcf7-list-item-label\">Quiero suscribirme al bolet\u00edn electr\u00f3nico y recibir comunicaciones promocionales del Alberg la R\u00e1pita.<\/span><\/span><\/span><\/span>\n\t\t\t<\/p>\n\t\t<\/div>\n\t<\/div>\n\t<div class=\"col-lg-12\">\n\t\t<div class=\"form-group\">\n\t\t\t<p>NOTA: El envio de este formulario no implica la formalizaci\u00f3n de la reserva. Nos pondremos en contacto contigo para proporcionarte m\u00e1s informaci\u00f3n y confirmarla.\n\t\t\t<\/p>\n\t\t<\/div>\n\t<\/div>\n\t<div class=\"col-lg-12\">\n\t\t<div class=\"form-group\">\n\t\t\t<p><input class=\"wpcf7-form-control wpcf7-submit has-spinner btn btn-primary\" type=\"submit\" value=\"Enviar solicitud de informaci\u00f3n\" \/>\n\t\t\t<\/p>\n\t\t<\/div>\n\t<\/div>\n<\/div><div class=\"wpcf7-response-output\" aria-hidden=\"true\"><\/div>\n<\/form>\n<\/div>\n[\/vc_column][\/vc_row]<\/p>\n<\/div>","protected":false},"excerpt":{"rendered":"<p>[vc_row wrap_container=\u00bbyes\u00bb css=\u00bb.vc_custom_1569313418350{margin-bottom: 25px !important;}\u00bb][vc_column][vc_custom_heading text=\u00bbOtras Celebraciones\u00bb font_container=\u00bbtag:h2|text_align:center\u00bb use_theme_fonts=\u00bbyes\u00bb el_class=\u00bbm-t-xxl m-b-sm\u00bb][vc_separator color=\u00bbcustom\u00bb style=\u00bbpattern\u00bb pattern_repeat=\u00bbno-repeat\u00bb pattern_position=\u00bbcenter center\u00bb pattern_height=\u00bb16&#8243; gap=\u00bbtaller\u00bb pattern=\u00bb26&#8243;][vc_column_text] Ponemos a vuestra disposici\u00f3n toda nuestra experiencia en organizaci\u00f3n de grandes acontecimientos para que disfrut\u00e9is de vuestra celebraci\u00f3n. El entorno privilegiado y su tranquilidad hacen de \u00abl&#8217;Alberg\u00bb un espacio \u00fanico para cumplea\u00f1os, celebraciones familiares, bodas de [&hellip;]<\/p>\n","protected":false},"author":1,"featured_media":0,"parent":2588,"menu_order":0,"comment_status":"closed","ping_status":"closed","template":"","meta":{"_joinchat":[],"footnotes":""},"class_list":["post-2556","page","type-page","status-publish","hentry"],"_links":{"self":[{"href":"https:\/\/alberglarapita.com\/es\/wp-json\/wp\/v2\/pages\/2556","targetHints":{"allow":["GET"]}}],"collection":[{"href":"https:\/\/alberglarapita.com\/es\/wp-json\/wp\/v2\/pages"}],"about":[{"href":"https:\/\/alberglarapita.com\/es\/wp-json\/wp\/v2\/types\/page"}],"author":[{"embeddable":true,"href":"https:\/\/alberglarapita.com\/es\/wp-json\/wp\/v2\/users\/1"}],"replies":[{"embeddable":true,"href":"https:\/\/alberglarapita.com\/es\/wp-json\/wp\/v2\/comments?post=2556"}],"version-history":[{"count":0,"href":"https:\/\/alberglarapita.com\/es\/wp-json\/wp\/v2\/pages\/2556\/revisions"}],"up":[{"embeddable":true,"href":"https:\/\/alberglarapita.com\/es\/wp-json\/wp\/v2\/pages\/2588"}],"wp:attachment":[{"href":"https:\/\/alberglarapita.com\/es\/wp-json\/wp\/v2\/media?parent=2556"}],"curies":[{"name":"wp","href":"https:\/\/api.w.org\/{rel}","templated":true}]}}