{"id":2558,"date":"2019-09-27T18:00:59","date_gmt":"2019-09-27T16:00:59","guid":{"rendered":"https:\/\/new.alberglarapita.com\/bateigs\/"},"modified":"2019-09-30T18:54:58","modified_gmt":"2019-09-30T16:54:58","slug":"bateigs","status":"publish","type":"page","link":"https:\/\/alberglarapita.com\/es\/bautizos\/","title":{"rendered":"Bautizos"},"content":{"rendered":"<div class=\"wpb-content-wrapper\"><p>[vc_row wrap_container=\u00bbyes\u00bb][vc_column][vc_custom_heading text=\u00bbCelebraciones de <strong>Bautizos<\/strong> &#8211; San Carlos de la R\u00e1pita\u00bb font_container=\u00bbtag:h2|text_align:center\u00bb use_theme_fonts=\u00bbyes\u00bb el_class=\u00bbm-t-xxl m-b-sm\u00bb][vc_separator color=\u00bbcustom\u00bb style=\u00bbpattern\u00bb pattern_repeat=\u00bbno-repeat\u00bb pattern_position=\u00bbcenter center\u00bb pattern_height=\u00bb16&#8243; gap=\u00bbtaller\u00bb pattern=\u00bb26&#8243;][vc_column_text]<\/p>\n<p style=\"text-align: center;\">Ponemos a vuestra disposici\u00f3n toda nuestra experiencia en organizaci\u00f3n de grandes acontecimientos para que vosotros, y sobre todo, vuestros hijos\/as, disfrut\u00e1is de un gran d\u00eda dando la bienvenida al nuevo miembro de la familia.<\/p>\n<p style=\"text-align: center;\">Nuestras zonas de recreo y zonas ajardinadas, hacen de \u00abl&#8217;Alberg\u00bb un espacio \u00fanico para la celebraciones familiares.<\/p>\n<p style=\"text-align: center;\">Os preparamos un men\u00fa que combina tradici\u00f3n y modernidad y lo adaptamos a vuestras necesidades que junto con nuestro personal altamente calificado har\u00e1n que el bautizo de vuestro hijo\/a sea inolvidable.<\/p>\n<p>[\/vc_column_text][\/vc_column][\/vc_row][vc_row wrap_container=\u00bbyes\u00bb][vc_column width=\u00bb1\/3&#8243;]<div class=\"porto-just-icon-wrapper porto-icon none  vc_custom_1569308886058\" style=\"color:#691411;font-size:50px;\"><i class=\"fas fa-users\"><\/i><\/div>[vc_custom_heading text=\u00bbCapacidad hasta 300 personas\u00bb font_container=\u00bbtag:h4|text_align:center\u00bb use_theme_fonts=\u00bbyes\u00bb el_class=\u00bbm-t-xxl m-b-sm\u00bb css=\u00bb.vc_custom_1569601366270{margin-top: 15px !important;}\u00bb][\/vc_column][vc_column width=\u00bb1\/3&#8243; css=\u00bb.vc_custom_1569308901261{margin-top: 75px !important;}\u00bb]<div class=\"porto-just-icon-wrapper porto-icon none\" style=\"color:#691411;font-size:50px;\"><i class=\"fas fa-theater-masks\"><\/i><\/div>[vc_custom_heading text=\u00bbAtracciones y animaciones infantiles\u00bb font_container=\u00bbtag:h4|text_align:center\u00bb use_theme_fonts=\u00bbyes\u00bb el_class=\u00bbm-t-xxl m-b-sm\u00bb css=\u00bb.vc_custom_1569601400281{margin-top: 15px !important;}\u00bb][\/vc_column][vc_column width=\u00bb1\/3&#8243; css=\u00bb.vc_custom_1569308913334{margin-top: 75px !important;}\u00bb]<div class=\"porto-just-icon-wrapper porto-icon none\" style=\"color:#691411;font-size:50px;\"><i class=\"fas fa-tree\"><\/i><\/div>[vc_custom_heading text=\u00bb300 m\u00b2 de zona ajardinada con piscina para ceremonias y\/o aperitivos\u00bb font_container=\u00bbtag:h4|text_align:center\u00bb use_theme_fonts=\u00bbyes\u00bb el_class=\u00bbm-t-xxl m-b-sm\u00bb css=\u00bb.vc_custom_1569601416247{margin-top: 15px !important;}\u00bb][\/vc_column][\/vc_row][vc_row wrap_container=\u00bbyes\u00bb css=\u00bb.vc_custom_1569308925838{margin-bottom: 50px !important;}\u00bb][vc_column width=\u00bb1\/3&#8243; css=\u00bb.vc_custom_1569308936659{margin-top: 75px !important;}\u00bb]<div class=\"porto-just-icon-wrapper porto-icon none\" style=\"color:#691411;font-size:50px;\"><i class=\"fas fa-utensils\"><\/i><\/div>[vc_custom_heading text=\u00bbMen\u00fas personalizados y adaptados a las necesidades de cada cliente\u00bb font_container=\u00bbtag:h4|text_align:center\u00bb use_theme_fonts=\u00bbyes\u00bb el_class=\u00bbm-t-xxl m-b-sm\u00bb css=\u00bb.vc_custom_1569601431578{margin-top: 15px !important;}\u00bb][\/vc_column][vc_column width=\u00bb1\/3&#8243; css=\u00bb.vc_custom_1569308942053{margin-top: 75px !important;}\u00bb]<div class=\"porto-just-icon-wrapper porto-icon none\" style=\"color:#691411;font-size:50px;\"><i class=\"far fa-handshake\"><\/i><\/div>[vc_custom_heading text=\u00bbTrato familiar y personalizado\u00bb font_container=\u00bbtag:h4|text_align:center\u00bb use_theme_fonts=\u00bbyes\u00bb el_class=\u00bbm-t-xxl m-b-sm\u00bb css=\u00bb.vc_custom_1569601450316{margin-top: 15px !important;}\u00bb][\/vc_column][vc_column width=\u00bb1\/3&#8243; css=\u00bb.vc_custom_1569308949487{margin-top: 75px !important;}\u00bb]<div class=\"porto-just-icon-wrapper porto-icon none\" style=\"color:#691411;font-size:50px;\"><i class=\"fas fa-child\"><\/i><\/div>[vc_custom_heading text=\u00bb\u00c1mplia zona de recreo para los m\u00e1s peque\u00f1os\u00bb font_container=\u00bbtag:h4|text_align:center\u00bb use_theme_fonts=\u00bbyes\u00bb el_class=\u00bbm-t-xxl m-b-sm\u00bb css=\u00bb.vc_custom_1569862494193{margin-top: 15px !important;}\u00bb][\/vc_column][\/vc_row][vc_row full_width=\u00bbstretch_row\u00bb css=\u00bb.vc_custom_1569262980422{padding-bottom: 60px !important;background-color: #efece8 !important;}\u00bb][vc_column][vc_custom_heading text=\u00bbSolicita m\u00e1s <strong>Informaci\u00f3n <\/strong>\u00bb font_container=\u00bbtag:h3|text_align:center\u00bb use_theme_fonts=\u00bbyes\u00bb el_class=\u00bbm-t-xxl m-b-sm\u00bb][vc_column_text]<\/p>\n<p style=\"text-align: center;\">Escribid y explicadnos c\u00f3mo quer\u00e9is que sea la celebraci\u00f3n de bienvenida de vuestro hijo\/a.<br \/>\nNosotros, os contactaremos y haremos que sea un d\u00eda inolvidable.[\/vc_column_text][vc_separator color=\u00bbcustom\u00bb style=\u00bbpattern\u00bb pattern_repeat=\u00bbno-repeat\u00bb pattern_position=\u00bbcenter center\u00bb pattern_height=\u00bb16&#8243; gap=\u00bbtaller\u00bb pattern=\u00bb26&#8243; el_class=\u00bbestret\u00bb][vc_row_inner][vc_column_inner width=\u00bb1\/4&#8243;][\/vc_column_inner][vc_column_inner width=\u00bb1\/2&#8243;]\n<div class=\"wpcf7 no-js\" id=\"wpcf7-f2565-o1\" lang=\"en-US\" dir=\"ltr\" data-wpcf7-id=\"2565\">\n<div class=\"screen-reader-response\"><p role=\"status\" aria-live=\"polite\" aria-atomic=\"true\"><\/p> <ul><\/ul><\/div>\n<form action=\"\/es\/wp-json\/wp\/v2\/pages\/2558#wpcf7-f2565-o1\" method=\"post\" class=\"wpcf7-form init wpcf7-acceptance-as-validation\" aria-label=\"Contact form\" novalidate=\"novalidate\" data-status=\"init\">\n<fieldset class=\"hidden-fields-container\"><input type=\"hidden\" name=\"_wpcf7\" value=\"2565\" \/><input type=\"hidden\" name=\"_wpcf7_version\" value=\"6.1.5\" \/><input type=\"hidden\" name=\"_wpcf7_locale\" value=\"en_US\" \/><input type=\"hidden\" name=\"_wpcf7_unit_tag\" value=\"wpcf7-f2565-o1\" \/><input type=\"hidden\" name=\"_wpcf7_container_post\" value=\"0\" \/><input type=\"hidden\" name=\"_wpcf7_posted_data_hash\" value=\"\" \/><input type=\"hidden\" name=\"_wpcf7dtx_version\" value=\"5.0.5\" \/><input type=\"hidden\" name=\"_wpcf7_recaptcha_response\" value=\"\" \/>\n<\/fieldset>\n<div class=\"row\">\n\t<div class=\"col-lg-12\">\n\t\t<div class=\"form-group\">\n\t\t\t<p><label for=\"contact-name\">Nombre y Apellidos *<\/label><br \/>\n<span class=\"wpcf7-form-control-wrap\" data-name=\"your-name\"><input size=\"40\" maxlength=\"400\" class=\"wpcf7-form-control wpcf7-text wpcf7-validates-as-required form-control\" id=\"contact-name\" aria-required=\"true\" aria-invalid=\"false\" value=\"\" type=\"text\" name=\"your-name\" \/><\/span>\n\t\t\t<\/p>\n\t\t<\/div>\n\t<\/div>\n\t<div class=\"col-lg-6\">\n\t\t<div class=\"form-group\">\n\t\t\t<p><label for=\"contact-email\">Correo Electr\u00f3nico *<\/label><br \/>\n<span class=\"wpcf7-form-control-wrap\" data-name=\"your-email\"><input size=\"40\" maxlength=\"400\" class=\"wpcf7-form-control wpcf7-email wpcf7-validates-as-required wpcf7-text wpcf7-validates-as-email form-control\" id=\"contact-email\" aria-required=\"true\" aria-invalid=\"false\" value=\"\" type=\"email\" name=\"your-email\" \/><\/span>\n\t\t\t<\/p>\n\t\t<\/div>\n\t<\/div>\n\t<div class=\"col-lg-6\">\n\t\t<div class=\"form-group\">\n\t\t\t<p><label for=\"contact-email\">Tel\u00e9fono de Contacto *<\/label><br \/>\n<span class=\"wpcf7-form-control-wrap\" data-name=\"telefon\"><input size=\"40\" maxlength=\"400\" class=\"wpcf7-form-control wpcf7-tel wpcf7-validates-as-required wpcf7-text wpcf7-validates-as-tel form-control\" aria-required=\"true\" aria-invalid=\"false\" value=\"\" type=\"tel\" name=\"telefon\" \/><\/span>\n\t\t\t<\/p>\n\t\t<\/div>\n\t<\/div>\n\t<div class=\"col-lg-6\">\n\t\t<div class=\"form-group\">\n\t\t\t<p><label for=\"contact-subject\">N\u00famero aproximado de comensales *<\/label><br \/>\n<span class=\"wpcf7-form-control-wrap\" data-name=\"comensals\"><input class=\"wpcf7-form-control wpcf7-number wpcf7-validates-as-required wpcf7-validates-as-number form-control\" id=\"contact-subject\" aria-required=\"true\" aria-invalid=\"false\" value=\"\" type=\"number\" name=\"comensals\" \/><\/span>\n\t\t\t<\/p>\n\t\t<\/div>\n\t<\/div>\n\t<div class=\"col-lg-6\">\n\t\t<div class=\"form-group\">\n\t\t\t<p><label for=\"contact-name\">Fecha de la celebraci\u00f3n *<\/label><br \/>\n<span class=\"wpcf7-form-control-wrap\" data-name=\"data-celebracio\"><input class=\"wpcf7-form-control wpcf7-date wpcf7-validates-as-required wpcf7-validates-as-date form-control\" id=\"data-celebracio\" aria-required=\"true\" aria-invalid=\"false\" value=\"\" type=\"date\" name=\"data-celebracio\" \/><\/span>\n\t\t\t<\/p>\n\t\t<\/div>\n\t<\/div>\n\t<div class=\"col-lg-12\">\n\t\t<div class=\"form-group\">\n\t\t\t<p><label for=\"contact-message\">Contadnos m\u00e1s detalles del d\u00eda del bautizo de vuestro hijo\/a *<\/label><br \/>\n<span class=\"wpcf7-form-control-wrap\" data-name=\"your-message\"><textarea cols=\"40\" rows=\"3\" maxlength=\"2000\" class=\"wpcf7-form-control wpcf7-textarea wpcf7-validates-as-required form-control\" id=\"contact-message\" aria-required=\"true\" aria-invalid=\"false\" name=\"your-message\"><\/textarea><\/span>\n\t\t\t<\/p>\n\t\t<\/div>\n\t<\/div>\n\t<div class=\"col-lg-12\">\n\t\t<div class=\"form-group\">\n\t\t\t<p><span class=\"wpcf7-form-control-wrap\" data-name=\"acepta-rgpd\"><span class=\"wpcf7-form-control wpcf7-acceptance\"><span class=\"wpcf7-list-item\"><label><input type=\"checkbox\" name=\"acepta-rgpd\" value=\"1\" aria-invalid=\"false\" \/><span class=\"wpcf7-list-item-label\">He le\u00eddo y acepto el <a class=\"link-form\" href=\"https:\/\/alberglarapita.com\/es\/aviso-legal-y-politica-de-privacidad\/\">Aviso Legal y Pol\u00edtica de Privacidad<\/a>.<\/span><\/label><\/span><\/span><\/span><br \/>\n<span class=\"wpcf7-form-control-wrap\" data-name=\"acepta-butlleti\"><span class=\"wpcf7-form-control wpcf7-checkbox\"><span class=\"wpcf7-list-item first last\"><input type=\"checkbox\" name=\"acepta-butlleti[]\" value=\"Quiero suscribirme al bolet\u00edn electr\u00f3nico y recibir comunicaciones promocionales del Alberg la R\u00e1pita.\" \/><span class=\"wpcf7-list-item-label\">Quiero suscribirme al bolet\u00edn electr\u00f3nico y recibir comunicaciones promocionales del Alberg la R\u00e1pita.<\/span><\/span><\/span><\/span>\n\t\t\t<\/p>\n\t\t<\/div>\n\t<\/div>\n\t<div class=\"col-lg-12\">\n\t\t<div class=\"form-group\">\n\t\t\t<p>NOTA: El envio de este formulario no implica la formalizaci\u00f3n de la reserva. Nos pondremos en contacto contigo para proporcionarte m\u00e1s informaci\u00f3n y confirmarla.\n\t\t\t<\/p>\n\t\t<\/div>\n\t<\/div>\n\t<div class=\"col-lg-12\">\n\t\t<div class=\"form-group\">\n\t\t\t<p><input class=\"wpcf7-form-control wpcf7-submit has-spinner btn btn-primary\" type=\"submit\" value=\"Enviar solicitud de informaci\u00f3n\" \/>\n\t\t\t<\/p>\n\t\t<\/div>\n\t<\/div>\n<\/div><div class=\"wpcf7-response-output\" aria-hidden=\"true\"><\/div>\n<\/form>\n<\/div>\n[\/vc_column_inner][vc_column_inner width=\u00bb1\/4&#8243;][\/vc_column_inner][\/vc_row_inner][\/vc_column][\/vc_row][vc_row wrap_container=\u00bbyes\u00bb][vc_column][vc_custom_heading text=\u00bbLas celebraciones de <strong>Bautizo <\/strong> a l&#8217;Alberg\u00bb font_container=\u00bbtag:h3|text_align:center\u00bb use_theme_fonts=\u00bbyes\u00bb el_class=\u00bbm-t-xxl m-b-sm\u00bb][vc_separator color=\u00bbcustom\u00bb style=\u00bbpattern\u00bb pattern_repeat=\u00bbno-repeat\u00bb pattern_position=\u00bbcenter center\u00bb pattern_height=\u00bb16&#8243; gap=\u00bbtaller\u00bb pattern=\u00bb26&#8243;][\/vc_column][\/vc_row][vc_row wrap_container=\u00bbyes\u00bb][vc_column]<div class=\"porto-lightbox-container\"><div class=\"lightbox \" data-plugin-options=\"{&quot;delegate&quot;:&quot;a&quot;,&quot;type&quot;:&quot;image&quot;,&quot;gallery&quot;:{&quot;enabled&quot;:true}}\"><div class=\"porto-grid-container\"><div id=\"grid-suitjde7ltib8e0drbvk8eq520x8kvy\" class=\" m-b-xl p-b-xl wpb_content_element clearfix\" data-plugin-masonry data-plugin-options='{\"layoutMode\":\"masonry\",\"masonry\":{\"columnWidth\":\".grid-col-sizer\"},\"itemSelector\":\".porto-grid-item\",\"animationEngine\":\"best-available\",\"resizable\":false}'><div class=\"porto-grid-item\" style=\"width:25%\"><div class=\"porto-image-frame  thumb-info-icon-custom m-b-none\"><div class=\"thumb-info align-center thumb-info-centered-info thumb-info-no-borders\"><a href=\"https:\/\/alberglarapita.com\/wp-content\/uploads\/2019\/09\/bateig-pau-03.jpg\" title=\"\" target=\"_self\"><span class=\"thumb-info-wrapper\"><img loading=\"lazy\" decoding=\"async\" alt=\"\" data-src=\"\/\/alberglarapita.com\/wp-content\/uploads\/2019\/09\/bateig-pau-03.jpg\" class=\"img-responsive lazyload\" width=\"1600\" height=\"1200\" src=\"data:image\/gif;base64,R0lGODlhAQABAAAAACH5BAEKAAEALAAAAAABAAEAAAICTAEAOw==\" style=\"--smush-placeholder-width: 1600px; --smush-placeholder-aspect-ratio: 1600\/1200;\"><noscript><img loading=\"lazy\" decoding=\"async\" alt=\"\" src=\"\/\/alberglarapita.com\/wp-content\/uploads\/2019\/09\/bateig-pau-03.jpg\" class=\"img-responsive\" width=\"1600\" height=\"1200\"><\/noscript><\/span><\/a><\/div><\/div><\/div><div class=\"porto-grid-item\" style=\"width:25%\"><div class=\"porto-image-frame  thumb-info-icon-custom m-b-none\"><div class=\"thumb-info align-center thumb-info-centered-info thumb-info-no-borders\"><a href=\"https:\/\/alberglarapita.com\/wp-content\/uploads\/2019\/09\/bateig-pau-01.jpg\" title=\"\" target=\"_self\"><span class=\"thumb-info-wrapper\"><img loading=\"lazy\" decoding=\"async\" alt=\"\" data-src=\"\/\/alberglarapita.com\/wp-content\/uploads\/2019\/09\/bateig-pau-01.jpg\" class=\"img-responsive lazyload\" width=\"1600\" height=\"1200\" src=\"data:image\/gif;base64,R0lGODlhAQABAAAAACH5BAEKAAEALAAAAAABAAEAAAICTAEAOw==\" style=\"--smush-placeholder-width: 1600px; --smush-placeholder-aspect-ratio: 1600\/1200;\"><noscript><img loading=\"lazy\" decoding=\"async\" alt=\"\" src=\"\/\/alberglarapita.com\/wp-content\/uploads\/2019\/09\/bateig-pau-01.jpg\" class=\"img-responsive\" width=\"1600\" height=\"1200\"><\/noscript><\/span><\/a><\/div><\/div><\/div><div class=\"porto-grid-item\" style=\"width:25%\"><div class=\"porto-image-frame  thumb-info-icon-custom m-b-none\"><div class=\"thumb-info align-center thumb-info-centered-info thumb-info-no-borders\"><a href=\"https:\/\/alberglarapita.com\/wp-content\/uploads\/2019\/09\/bateig-pau-08.jpg\" title=\"\" target=\"_self\"><span class=\"thumb-info-wrapper\"><img loading=\"lazy\" decoding=\"async\" alt=\"\" data-src=\"\/\/alberglarapita.com\/wp-content\/uploads\/2019\/09\/bateig-pau-08.jpg\" class=\"img-responsive lazyload\" width=\"1600\" height=\"1200\" src=\"data:image\/gif;base64,R0lGODlhAQABAAAAACH5BAEKAAEALAAAAAABAAEAAAICTAEAOw==\" style=\"--smush-placeholder-width: 1600px; --smush-placeholder-aspect-ratio: 1600\/1200;\"><noscript><img loading=\"lazy\" decoding=\"async\" alt=\"\" src=\"\/\/alberglarapita.com\/wp-content\/uploads\/2019\/09\/bateig-pau-08.jpg\" class=\"img-responsive\" width=\"1600\" height=\"1200\"><\/noscript><\/span><\/a><\/div><\/div><\/div><div class=\"porto-grid-item\" style=\"width:25%\"><div class=\"porto-image-frame  thumb-info-icon-custom m-b-none\"><div class=\"thumb-info align-center thumb-info-centered-info thumb-info-no-borders\"><a href=\"https:\/\/alberglarapita.com\/wp-content\/uploads\/2019\/09\/bateig-pau-06.jpg\" title=\"\" target=\"_self\"><span class=\"thumb-info-wrapper\"><img loading=\"lazy\" decoding=\"async\" alt=\"\" data-src=\"\/\/alberglarapita.com\/wp-content\/uploads\/2019\/09\/bateig-pau-06.jpg\" class=\"img-responsive lazyload\" width=\"1600\" height=\"1200\" src=\"data:image\/gif;base64,R0lGODlhAQABAAAAACH5BAEKAAEALAAAAAABAAEAAAICTAEAOw==\" style=\"--smush-placeholder-width: 1600px; --smush-placeholder-aspect-ratio: 1600\/1200;\"><noscript><img loading=\"lazy\" decoding=\"async\" alt=\"\" src=\"\/\/alberglarapita.com\/wp-content\/uploads\/2019\/09\/bateig-pau-06.jpg\" class=\"img-responsive\" width=\"1600\" height=\"1200\"><\/noscript><\/span><\/a><\/div><\/div><\/div><div class=\"porto-grid-item\" style=\"width:25%\"><div class=\"porto-image-frame  thumb-info-icon-custom m-b-none\"><div class=\"thumb-info align-center thumb-info-centered-info thumb-info-no-borders\"><a href=\"https:\/\/alberglarapita.com\/wp-content\/uploads\/2019\/09\/bateig-pau-09.jpg\" title=\"\" target=\"_self\"><span class=\"thumb-info-wrapper\"><img loading=\"lazy\" decoding=\"async\" alt=\"\" data-src=\"\/\/alberglarapita.com\/wp-content\/uploads\/2019\/09\/bateig-pau-09.jpg\" class=\"img-responsive lazyload\" width=\"1600\" height=\"2133\" src=\"data:image\/gif;base64,R0lGODlhAQABAAAAACH5BAEKAAEALAAAAAABAAEAAAICTAEAOw==\" style=\"--smush-placeholder-width: 1600px; --smush-placeholder-aspect-ratio: 1600\/2133;\"><noscript><img loading=\"lazy\" decoding=\"async\" alt=\"\" src=\"\/\/alberglarapita.com\/wp-content\/uploads\/2019\/09\/bateig-pau-09.jpg\" class=\"img-responsive\" width=\"1600\" height=\"2133\"><\/noscript><\/span><\/a><\/div><\/div><\/div><div class=\"porto-grid-item\" style=\"width:25%\"><div class=\"porto-image-frame  thumb-info-icon-custom m-b-none\"><div class=\"thumb-info align-center thumb-info-centered-info thumb-info-no-borders\"><a href=\"https:\/\/alberglarapita.com\/wp-content\/uploads\/2019\/09\/bateig-ada-02.jpg\" title=\"\" target=\"_self\"><span class=\"thumb-info-wrapper\"><img loading=\"lazy\" decoding=\"async\" alt=\"\" data-src=\"\/\/alberglarapita.com\/wp-content\/uploads\/2019\/09\/bateig-ada-02.jpg\" class=\"img-responsive lazyload\" width=\"1186\" height=\"1599\" src=\"data:image\/gif;base64,R0lGODlhAQABAAAAACH5BAEKAAEALAAAAAABAAEAAAICTAEAOw==\" style=\"--smush-placeholder-width: 1186px; --smush-placeholder-aspect-ratio: 1186\/1599;\"><noscript><img loading=\"lazy\" decoding=\"async\" alt=\"\" src=\"\/\/alberglarapita.com\/wp-content\/uploads\/2019\/09\/bateig-ada-02.jpg\" class=\"img-responsive\" width=\"1186\" height=\"1599\"><\/noscript><\/span><\/a><\/div><\/div><\/div><div class=\"porto-grid-item\" style=\"width:25%\"><div class=\"porto-image-frame  thumb-info-icon-custom m-b-none\"><div class=\"thumb-info align-center thumb-info-centered-info thumb-info-no-borders\"><a href=\"https:\/\/alberglarapita.com\/wp-content\/uploads\/2019\/09\/bateig-ada-08.jpg\" title=\"\" target=\"_self\"><span class=\"thumb-info-wrapper\"><img loading=\"lazy\" decoding=\"async\" alt=\"\" data-src=\"\/\/alberglarapita.com\/wp-content\/uploads\/2019\/09\/bateig-ada-08.jpg\" class=\"img-responsive lazyload\" width=\"1186\" height=\"1599\" src=\"data:image\/gif;base64,R0lGODlhAQABAAAAACH5BAEKAAEALAAAAAABAAEAAAICTAEAOw==\" style=\"--smush-placeholder-width: 1186px; --smush-placeholder-aspect-ratio: 1186\/1599;\"><noscript><img loading=\"lazy\" decoding=\"async\" alt=\"\" src=\"\/\/alberglarapita.com\/wp-content\/uploads\/2019\/09\/bateig-ada-08.jpg\" class=\"img-responsive\" width=\"1186\" height=\"1599\"><\/noscript><\/span><\/a><\/div><\/div><\/div><div class=\"porto-grid-item\" style=\"width:25%\"><div class=\"porto-image-frame  thumb-info-icon-custom m-b-none\"><div class=\"thumb-info align-center thumb-info-centered-info thumb-info-no-borders\"><a href=\"https:\/\/alberglarapita.com\/wp-content\/uploads\/2019\/09\/bateig-ada-03.jpg\" title=\"\" target=\"_self\"><span class=\"thumb-info-wrapper\"><img loading=\"lazy\" decoding=\"async\" alt=\"\" data-src=\"\/\/alberglarapita.com\/wp-content\/uploads\/2019\/09\/bateig-ada-03.jpg\" class=\"img-responsive lazyload\" width=\"1186\" height=\"1599\" src=\"data:image\/gif;base64,R0lGODlhAQABAAAAACH5BAEKAAEALAAAAAABAAEAAAICTAEAOw==\" style=\"--smush-placeholder-width: 1186px; --smush-placeholder-aspect-ratio: 1186\/1599;\"><noscript><img loading=\"lazy\" decoding=\"async\" alt=\"\" src=\"\/\/alberglarapita.com\/wp-content\/uploads\/2019\/09\/bateig-ada-03.jpg\" class=\"img-responsive\" width=\"1186\" height=\"1599\"><\/noscript><\/span><\/a><\/div><\/div><\/div><div class=\"grid-col-sizer\" style=\"width:25%; flex: 0 0 25%\"><\/div><\/div><style>#grid-suitjde7ltib8e0drbvk8eq520x8kvy .porto-grid-item { padding: 0%; }#grid-suitjde7ltib8e0drbvk8eq520x8kvy { margin: -0% -0% 0%; }@media (max-width:400px) {#grid-suitjde7ltib8e0drbvk8eq520x8kvy { height: auto !important }#grid-suitjde7ltib8e0drbvk8eq520x8kvy .porto-grid-item:first-child { margin-top: 0 }#grid-suitjde7ltib8e0drbvk8eq520x8kvy .porto-grid-item { width: 100% !important; position: static !important; float: none }}<\/style><\/div><\/div><\/div>[\/vc_column][\/vc_row]<\/p>\n<\/div>","protected":false},"excerpt":{"rendered":"<p>[vc_row wrap_container=\u00bbyes\u00bb][vc_column][vc_custom_heading text=\u00bbCelebraciones de Bautizos &#8211; San Carlos de la R\u00e1pita\u00bb font_container=\u00bbtag:h2|text_align:center\u00bb use_theme_fonts=\u00bbyes\u00bb el_class=\u00bbm-t-xxl m-b-sm\u00bb][vc_separator color=\u00bbcustom\u00bb style=\u00bbpattern\u00bb pattern_repeat=\u00bbno-repeat\u00bb pattern_position=\u00bbcenter center\u00bb pattern_height=\u00bb16&#8243; gap=\u00bbtaller\u00bb pattern=\u00bb26&#8243;][vc_column_text] Ponemos a vuestra disposici\u00f3n toda nuestra experiencia en organizaci\u00f3n de grandes acontecimientos para que vosotros, y sobre todo, vuestros hijos\/as, disfrut\u00e1is de un gran d\u00eda dando la bienvenida al nuevo miembro de [&hellip;]<\/p>\n","protected":false},"author":1,"featured_media":0,"parent":2588,"menu_order":0,"comment_status":"closed","ping_status":"closed","template":"","meta":{"_joinchat":[],"footnotes":""},"class_list":["post-2558","page","type-page","status-publish","hentry"],"_links":{"self":[{"href":"https:\/\/alberglarapita.com\/es\/wp-json\/wp\/v2\/pages\/2558","targetHints":{"allow":["GET"]}}],"collection":[{"href":"https:\/\/alberglarapita.com\/es\/wp-json\/wp\/v2\/pages"}],"about":[{"href":"https:\/\/alberglarapita.com\/es\/wp-json\/wp\/v2\/types\/page"}],"author":[{"embeddable":true,"href":"https:\/\/alberglarapita.com\/es\/wp-json\/wp\/v2\/users\/1"}],"replies":[{"embeddable":true,"href":"https:\/\/alberglarapita.com\/es\/wp-json\/wp\/v2\/comments?post=2558"}],"version-history":[{"count":0,"href":"https:\/\/alberglarapita.com\/es\/wp-json\/wp\/v2\/pages\/2558\/revisions"}],"up":[{"embeddable":true,"href":"https:\/\/alberglarapita.com\/es\/wp-json\/wp\/v2\/pages\/2588"}],"wp:attachment":[{"href":"https:\/\/alberglarapita.com\/es\/wp-json\/wp\/v2\/media?parent=2558"}],"curies":[{"name":"wp","href":"https:\/\/api.w.org\/{rel}","templated":true}]}}