{"id":2588,"date":"2019-09-29T18:48:41","date_gmt":"2019-09-29T16:48:41","guid":{"rendered":"https:\/\/new.alberglarapita.com\/restaurante\/"},"modified":"2019-10-01T17:51:34","modified_gmt":"2019-10-01T15:51:34","slug":"restaurante","status":"publish","type":"page","link":"https:\/\/alberglarapita.com\/es\/restaurante\/","title":{"rendered":"Restaurante"},"content":{"rendered":"<div class=\"wpb-content-wrapper\"><p>[vc_row wrap_container=\u00bbyes\u00bb css=\u00bb.vc_custom_1569313672786{margin-bottom: 25px !important;}\u00bb][vc_column][vc_custom_heading text=\u00bbRestaurante <strong>l&#8217;Alberg<\/strong> &#8211; San Carlos de la R\u00e1pita\u00bb font_container=\u00bbtag:h2|text_align:center\u00bb use_theme_fonts=\u00bbyes\u00bb el_class=\u00bbm-t-xxl m-b-sm\u00bb][vc_separator color=\u00bbcustom\u00bb style=\u00bbpattern\u00bb pattern_repeat=\u00bbno-repeat\u00bb pattern_position=\u00bbcenter center\u00bb pattern_height=\u00bb16&#8243; gap=\u00bbtaller\u00bb pattern=\u00bb26&#8243; el_class=\u00bbestret\u00bb][vc_column_text css=\u00bb.vc_custom_1569862868218{padding-top: 45px !important;}\u00bb]<\/p>\n<p style=\"text-align: center;\">Desde el a\u00f1o 1995, y rodeado de un paisaje impresionante y de una naturaleza cautivadora, os ofrecemos la posibilidad de disfrutar de vuestra fiesta en nuestros amplios salones y jardines que os dar\u00e1n la bienvenida.<\/p>\n<p style=\"text-align: center;\">Men\u00fas para celebraciones de boda, campa\u00f1a especial de comuniones, celebraciones, etc. Disponemos de carta de men\u00fas concertados con diferentes opciones.<\/p>\n<p style=\"text-align: center;\">Nuestro equipo de cocina le har\u00e1 disfrutar de los mejores platos de nuestra cocina mediterr\u00e1nea: Mariscos, Crust\u00e1ceos, Peces, Carnes\u2026<\/p>\n<p>[\/vc_column_text][\/vc_column][\/vc_row][vc_row wrap_container=\u00bbyes\u00bb css=\u00bb.vc_custom_1569313663821{margin-top: 25px !important;margin-bottom: 75px !important;}\u00bb][vc_column][vc_row_inner el_class=\u00bbm-b-xlg\u00bb][vc_column_inner width=\u00bb1\/2&#8243; animation_type=\u00bbfadeInUp\u00bb]<div class=\"porto-image-frame  thumb-info-custom m-b-xxl\"><div class=\"thumb-info align-center thumb-info-hide-wrapper-bg thumb-info-no-zoom thumb-info-centered-info\"><span class=\"thumb-info-wrapper\"><img loading=\"lazy\" decoding=\"async\" alt=\"\" data-src=\"\/\/alberglarapita.com\/wp-content\/uploads\/2019\/09\/celebracions-noces-alberg-la-rapita-1.jpg\" class=\"img-responsive lazyload\" width=\"538\" height=\"255\" src=\"data:image\/gif;base64,R0lGODlhAQABAAAAACH5BAEKAAEALAAAAAABAAEAAAICTAEAOw==\" style=\"--smush-placeholder-width: 538px; --smush-placeholder-aspect-ratio: 538\/255;\"><noscript><img loading=\"lazy\" decoding=\"async\" alt=\"\" src=\"\/\/alberglarapita.com\/wp-content\/uploads\/2019\/09\/celebracions-noces-alberg-la-rapita-1.jpg\" class=\"img-responsive\" width=\"538\" height=\"255\"><\/noscript><\/span><div class=\"thumb-info-caption\"><div class=\"thumb-info-caption-text\"><h2 class=\"text-semibold m-b-md m-t-xs\">Bodas<\/h2>\n<p class=\"font-size-md\">Ponemos a vuestra disposici\u00f3n toda nuestra experiencia en organizaci\u00f3n de grandes acontecimientos para que disfrut\u00e1is de cada uno de los momentos de este d\u00eda \u00fanico.<\/p>\n<p><a class=\"btn btn-primary m-t-md\" href=\"\/?page_id=2560\">Leer m\u00e1s<\/a><\/p>\n<\/div><\/div><\/div><\/div>[\/vc_column_inner][vc_column_inner width=\u00bb1\/2&#8243; animation_delay=\u00bb300&#8243; animation_type=\u00bbfadeInUp\u00bb]<div class=\"porto-image-frame  thumb-info-custom m-b-xxl\"><div class=\"thumb-info align-center thumb-info-hide-wrapper-bg thumb-info-no-zoom thumb-info-centered-info\"><span class=\"thumb-info-wrapper\"><img loading=\"lazy\" decoding=\"async\" alt=\"\" data-src=\"\/\/alberglarapita.com\/wp-content\/uploads\/2019\/09\/comunions-alberg-la-rapita-1.jpg\" class=\"img-responsive lazyload\" width=\"538\" height=\"255\" src=\"data:image\/gif;base64,R0lGODlhAQABAAAAACH5BAEKAAEALAAAAAABAAEAAAICTAEAOw==\" style=\"--smush-placeholder-width: 538px; --smush-placeholder-aspect-ratio: 538\/255;\"><noscript><img loading=\"lazy\" decoding=\"async\" alt=\"\" src=\"\/\/alberglarapita.com\/wp-content\/uploads\/2019\/09\/comunions-alberg-la-rapita-1.jpg\" class=\"img-responsive\" width=\"538\" height=\"255\"><\/noscript><\/span><div class=\"thumb-info-caption\"><div class=\"thumb-info-caption-text\"><h2 class=\"text-semibold m-b-md m-t-xs\">Comuniones<\/h2>\n<p class=\"font-size-md\">Nuestras zonas de recreo e instalaciones deportivas, hacen del \u00abAlberg\u00bb un espacio \u00fanico para la celebraci\u00f3n de comuniones, donde los ni\u00f1os y ni\u00f1as son los protagonistas.<\/p>\n<p><a class=\"btn btn-primary m-t-md\" href=\"\/?page_id=2562\">Leer m\u00e1s<\/a><\/p>\n<\/div><\/div><\/div><\/div>[\/vc_column_inner][\/vc_row_inner][vc_row_inner el_class=\u00bbm-b-xlg\u00bb][vc_column_inner width=\u00bb1\/2&#8243; animation_type=\u00bbfadeInUp\u00bb]<div class=\"porto-image-frame  thumb-info-custom m-b-xxl\"><div class=\"thumb-info align-center thumb-info-hide-wrapper-bg thumb-info-no-zoom thumb-info-centered-info\"><span class=\"thumb-info-wrapper\"><img loading=\"lazy\" decoding=\"async\" alt=\"\" data-src=\"\/\/alberglarapita.com\/wp-content\/uploads\/2019\/09\/batejos-alberg-la-rapita-1.jpg\" class=\"img-responsive lazyload\" width=\"538\" height=\"255\" src=\"data:image\/gif;base64,R0lGODlhAQABAAAAACH5BAEKAAEALAAAAAABAAEAAAICTAEAOw==\" style=\"--smush-placeholder-width: 538px; --smush-placeholder-aspect-ratio: 538\/255;\"><noscript><img loading=\"lazy\" decoding=\"async\" alt=\"\" src=\"\/\/alberglarapita.com\/wp-content\/uploads\/2019\/09\/batejos-alberg-la-rapita-1.jpg\" class=\"img-responsive\" width=\"538\" height=\"255\"><\/noscript><\/span><div class=\"thumb-info-caption\"><div class=\"thumb-info-caption-text\"><h2 class=\"text-semibold m-b-md m-t-xs\">Bautizos<\/h2>\n<p class=\"font-size-md\">Celebr\u00e1is la bienvenida de vuestro hijo\/a a nuestro complejo, a nuestros amplios salones y disfrut\u00e1is de un d\u00eda en familia del todo inolvidable.<\/p>\n<p><a class=\"btn btn-primary m-t-md\" href=\"\/?page_id=2558\">Leer m\u00e1s<\/a><\/p>\n<\/div><\/div><\/div><\/div>[\/vc_column_inner][vc_column_inner width=\u00bb1\/2&#8243; animation_delay=\u00bb300&#8243; animation_type=\u00bbfadeInUp\u00bb]<div class=\"porto-image-frame  thumb-info-custom m-b-xxl\"><div class=\"thumb-info align-center thumb-info-hide-wrapper-bg thumb-info-no-zoom thumb-info-centered-info\"><span class=\"thumb-info-wrapper\"><img loading=\"lazy\" decoding=\"async\" alt=\"\" data-src=\"\/\/alberglarapita.com\/wp-content\/uploads\/2019\/09\/celebracions-alberg-la-rapita-1-1.jpg\" class=\"img-responsive lazyload\" width=\"538\" height=\"255\" src=\"data:image\/gif;base64,R0lGODlhAQABAAAAACH5BAEKAAEALAAAAAABAAEAAAICTAEAOw==\" style=\"--smush-placeholder-width: 538px; --smush-placeholder-aspect-ratio: 538\/255;\"><noscript><img loading=\"lazy\" decoding=\"async\" alt=\"\" src=\"\/\/alberglarapita.com\/wp-content\/uploads\/2019\/09\/celebracions-alberg-la-rapita-1-1.jpg\" class=\"img-responsive\" width=\"538\" height=\"255\"><\/noscript><\/span><div class=\"thumb-info-caption\"><div class=\"thumb-info-caption-text\"><h2 class=\"text-semibold m-b-md m-t-xs\">Otras Celebraciones<\/h2>\n<p class=\"font-size-md\">Os ayudamos a celebrar cualquier tipo de comida, ya sea en el \u00e1mbito familiar, asociativo o empresa.<\/p>\n<p><a class=\"btn btn-primary m-t-md\" href=\"\/?page_id=2556\">Leer m\u00e1s<\/a><\/p>\n<\/div><\/div><\/div><\/div>[\/vc_column_inner][\/vc_row_inner]<div class=\"porto-btn-ctn-center \"><a class=\"porto-btn porto-adjust-bottom-margin porto-btn-block porto-btn-fade-bg   wpb_custom_fa51088c2567b780100c1edcf8821d3b  porto-btn-center  \" title='Sol\u00b7licitar m\u00e9s informaci\u00f3 i pre-reserves' rel='' href = \"https:\/\/alberglarapita.com\/casa-de-colonies\/solicitud-mes-informacio\/\"  data-hover=\"\" data-border-color=\"\" data-bg=\"#691411\" data-hover-bg=\"#9c8516\" data-border-hover=\"\" data-shadow-click=\"none\" data-shadow=\"\" style=\"font-size:20px;line-height:23px;border:none;background: #691411;color: #ffffff;\"><span class=\"porto-btn-hover\" style=\"background-color:#9c8516\"><\/span><span class=\"porto-btn-data porto-btn-text \" >Solicitar m\u00e1s informaci\u00f3n<\/span><\/a><\/div>[\/vc_column][\/vc_row][vc_row full_width=\u00bbstretch_row\u00bb css=\u00bb.vc_custom_1569263022700{padding-bottom: 60px !important;background-color: #efece8 !important;}\u00bb][vc_column][vc_custom_heading text=\u00bb<strong>Instalaciones <\/strong> Restaurante \u00abAlberg\u00bb\u00bb font_container=\u00bbtag:h3|text_align:center\u00bb use_theme_fonts=\u00bbyes\u00bb el_class=\u00bbm-t-xxl m-b-sm\u00bb][vc_column_text]<\/p>\n<p style=\"text-align: center;\">Nuestro restaurante dispone de unas instalaciones perfectas para la celebraci\u00f3n de cualquier tipo de evento<\/p>\n<p>[\/vc_column_text][vc_separator color=\u00bbcustom\u00bb style=\u00bbpattern\u00bb pattern_repeat=\u00bbno-repeat\u00bb pattern_position=\u00bbcenter center\u00bb pattern_height=\u00bb16&#8243; gap=\u00bbtaller\u00bb pattern=\u00bb26&#8243; el_class=\u00bbestret\u00bb][vc_row_inner css=\u00bb.vc_custom_1569088736160{margin-top: 0px !important;}\u00bb][vc_column_inner width=\u00bb1\/6&#8243; css=\u00bb.vc_custom_1569088563837{margin-top: 50px !important;}\u00bb]<div class=\"porto-just-icon-wrapper porto-icon none\" style=\"color:#691411;font-size:50px;\"><i class=\"fas fa-users\"><\/i><\/div>[vc_custom_heading text=\u00bbCapacidad hasta  300 personas\u00bb font_container=\u00bbtag:h4|text_align:center\u00bb use_theme_fonts=\u00bbyes\u00bb el_class=\u00bbm-t-xxl m-b-sm\u00bb css=\u00bb.vc_custom_1569863427733{margin-top: 15px !important;}\u00bb][\/vc_column_inner][vc_column_inner width=\u00bb1\/6&#8243; css=\u00bb.vc_custom_1569088572851{margin-top: 50px !important;}\u00bb]<div class=\"porto-just-icon-wrapper porto-icon none\" style=\"color:#691411;font-size:50px;\"><i class=\"fas fa-bed\"><\/i><\/div>[vc_custom_heading text=\u00bbPossibilidad de alojamiento y servicio restaurante MP\/PC\u00bb font_container=\u00bbtag:h4|text_align:center\u00bb use_theme_fonts=\u00bbyes\u00bb el_class=\u00bbm-t-xxl m-b-sm\u00bb css=\u00bb.vc_custom_1569863473903{margin-top: 15px !important;}\u00bb][\/vc_column_inner][vc_column_inner width=\u00bb1\/6&#8243; css=\u00bb.vc_custom_1569088602892{margin-top: 50px !important;}\u00bb]<div class=\"porto-just-icon-wrapper porto-icon none\" style=\"color:#691411;font-size:50px;\"><i class=\"fas fa-volleyball-ball\"><\/i><\/div>[vc_custom_heading text=\u00bbZona de recreo y deportiva para ni\u00f1os (y grandes)\u00bb font_container=\u00bbtag:h4|text_align:center\u00bb use_theme_fonts=\u00bbyes\u00bb el_class=\u00bbm-t-xxl m-b-sm\u00bb css=\u00bb.vc_custom_1569863534762{margin-top: 15px !important;}\u00bb][\/vc_column_inner][vc_column_inner width=\u00bb1\/6&#8243; css=\u00bb.vc_custom_1569088583269{margin-top: 50px !important;}\u00bb]<div class=\"porto-just-icon-wrapper porto-icon none\" style=\"color:#691411;font-size:50px;\"><i class=\"fas fa-swimming-pool\"><\/i><\/div>[vc_custom_heading text=\u00bb300 m\u00b2 de jard\u00edn y piscina\u00bb font_container=\u00bbtag:h4|text_align:center\u00bb use_theme_fonts=\u00bbyes\u00bb el_class=\u00bbm-t-xxl m-b-sm\u00bb css=\u00bb.vc_custom_1569863560530{margin-top: 15px !important;}\u00bb][\/vc_column_inner][vc_column_inner width=\u00bb1\/6&#8243; css=\u00bb.vc_custom_1569088593218{margin-top: 50px !important;}\u00bb]<div class=\"porto-just-icon-wrapper porto-icon none\" style=\"color:#691411;font-size:50px;\"><i class=\"fas fa-wheelchair\"><\/i><\/div>[vc_custom_heading text=\u00bbAdaptado para discapacitados\u00bb font_container=\u00bbtag:h4|text_align:center\u00bb use_theme_fonts=\u00bbyes\u00bb el_class=\u00bbm-t-xxl m-b-sm\u00bb css=\u00bb.vc_custom_1569863579326{margin-top: 15px !important;}\u00bb][\/vc_column_inner][vc_column_inner width=\u00bb1\/6&#8243; css=\u00bb.vc_custom_1569088598503{margin-top: 50px !important;}\u00bb]<div class=\"porto-just-icon-wrapper porto-icon none\" style=\"color:#691411;font-size:50px;\"><i class=\"fas fa-parking\"><\/i><\/div>[vc_custom_heading text=\u00bbAmplia zona de parking\u00bb font_container=\u00bbtag:h4|text_align:center\u00bb use_theme_fonts=\u00bbyes\u00bb el_class=\u00bbm-t-xxl m-b-sm\u00bb css=\u00bb.vc_custom_1569863631221{margin-top: 15px !important;}\u00bb][\/vc_column_inner][\/vc_row_inner][\/vc_column][\/vc_row]<\/p>\n<\/div>","protected":false},"excerpt":{"rendered":"<p>[vc_row wrap_container=\u00bbyes\u00bb css=\u00bb.vc_custom_1569313672786{margin-bottom: 25px !important;}\u00bb][vc_column][vc_custom_heading text=\u00bbRestaurante l&#8217;Alberg &#8211; San Carlos de la R\u00e1pita\u00bb font_container=\u00bbtag:h2|text_align:center\u00bb use_theme_fonts=\u00bbyes\u00bb el_class=\u00bbm-t-xxl m-b-sm\u00bb][vc_separator color=\u00bbcustom\u00bb style=\u00bbpattern\u00bb pattern_repeat=\u00bbno-repeat\u00bb pattern_position=\u00bbcenter center\u00bb pattern_height=\u00bb16&#8243; gap=\u00bbtaller\u00bb pattern=\u00bb26&#8243; el_class=\u00bbestret\u00bb][vc_column_text css=\u00bb.vc_custom_1569862868218{padding-top: 45px !important;}\u00bb] Desde el a\u00f1o 1995, y rodeado de un paisaje impresionante y de una naturaleza cautivadora, os ofrecemos la posibilidad de disfrutar de vuestra fiesta en nuestros [&hellip;]<\/p>\n","protected":false},"author":1,"featured_media":0,"parent":0,"menu_order":0,"comment_status":"closed","ping_status":"closed","template":"","meta":{"_joinchat":[],"footnotes":""},"class_list":["post-2588","page","type-page","status-publish","hentry"],"_links":{"self":[{"href":"https:\/\/alberglarapita.com\/es\/wp-json\/wp\/v2\/pages\/2588","targetHints":{"allow":["GET"]}}],"collection":[{"href":"https:\/\/alberglarapita.com\/es\/wp-json\/wp\/v2\/pages"}],"about":[{"href":"https:\/\/alberglarapita.com\/es\/wp-json\/wp\/v2\/types\/page"}],"author":[{"embeddable":true,"href":"https:\/\/alberglarapita.com\/es\/wp-json\/wp\/v2\/users\/1"}],"replies":[{"embeddable":true,"href":"https:\/\/alberglarapita.com\/es\/wp-json\/wp\/v2\/comments?post=2588"}],"version-history":[{"count":0,"href":"https:\/\/alberglarapita.com\/es\/wp-json\/wp\/v2\/pages\/2588\/revisions"}],"wp:attachment":[{"href":"https:\/\/alberglarapita.com\/es\/wp-json\/wp\/v2\/media?parent=2588"}],"curies":[{"name":"wp","href":"https:\/\/api.w.org\/{rel}","templated":true}]}}