{"id":2601,"date":"2019-09-29T19:02:23","date_gmt":"2019-09-29T17:02:23","guid":{"rendered":"https:\/\/new.alberglarapita.com\/restaurante\/sollicitud-de-mes-informacio\/"},"modified":"2019-10-01T18:25:58","modified_gmt":"2019-10-01T16:25:58","slug":"sollicitud-de-mes-informacio","status":"publish","type":"page","link":"https:\/\/alberglarapita.com\/es\/restaurante\/solicitud-de-mas-informacion\/","title":{"rendered":"Solicitud de m\u00e1s informaci\u00f3n"},"content":{"rendered":"<div class=\"wpb-content-wrapper\"><p>[vc_row][vc_column][vc_custom_heading text=\u00bbSolicitud de<strong> M\u00e1s informaci\u00f3n <\/strong>\u00bb font_container=\u00bbtag:h2|text_align:center\u00bb use_theme_fonts=\u00bbyes\u00bb el_class=\u00bbm-t-xxl m-b-sm\u00bb][vc_column_text]<\/p>\n<p style=\"text-align: center;\">Rellena el formulario para solicitar m\u00e1s informaci\u00f3n sobre la disponibilidad, tarifas y opciones que os ofrecemos. Nos pondremos en contacto con usted para analizar su petici\u00f3n. O si lo prefieres, utiliza cualquier de los medios de contacto que os proponemos.<\/p>\n<p>[\/vc_column_text][vc_separator color=\u00bbcustom\u00bb style=\u00bbpattern\u00bb pattern_repeat=\u00bbno-repeat\u00bb pattern_position=\u00bbcenter center\u00bb pattern_height=\u00bb16&#8243; gap=\u00bbtaller\u00bb pattern=\u00bb26&#8243;][\/vc_column][\/vc_row][vc_row wrap_container=\u00bbyes\u00bb][vc_column width=\u00bb7\/12&#8243;][vc_custom_heading text=\u00bbRELLENA EL FORMULARIO\u00bb font_container=\u00bbtag:h3|text_align:left\u00bb use_theme_fonts=\u00bbyes\u00bb el_class=\u00bbm-t-lg m-b-md\u00bb]\n<div class=\"wpcf7 no-js\" id=\"wpcf7-f2572-o1\" lang=\"en-US\" dir=\"ltr\" data-wpcf7-id=\"2572\">\n<div class=\"screen-reader-response\"><p role=\"status\" aria-live=\"polite\" aria-atomic=\"true\"><\/p> <ul><\/ul><\/div>\n<form action=\"\/es\/wp-json\/wp\/v2\/pages\/2601#wpcf7-f2572-o1\" method=\"post\" class=\"wpcf7-form init wpcf7-acceptance-as-validation\" aria-label=\"Contact form\" novalidate=\"novalidate\" data-status=\"init\">\n<fieldset class=\"hidden-fields-container\"><input type=\"hidden\" name=\"_wpcf7\" value=\"2572\" \/><input type=\"hidden\" name=\"_wpcf7_version\" value=\"6.1.5\" \/><input type=\"hidden\" name=\"_wpcf7_locale\" value=\"en_US\" \/><input type=\"hidden\" name=\"_wpcf7_unit_tag\" value=\"wpcf7-f2572-o1\" \/><input type=\"hidden\" name=\"_wpcf7_container_post\" value=\"0\" \/><input type=\"hidden\" name=\"_wpcf7_posted_data_hash\" value=\"\" \/><input type=\"hidden\" name=\"_wpcf7dtx_version\" value=\"5.0.5\" \/><input type=\"hidden\" name=\"_wpcf7_recaptcha_response\" value=\"\" \/>\n<\/fieldset>\n<div class=\"row\">\n\t<div class=\"col-lg-12\">\n\t\t<div class=\"form-group\">\n\t\t\t<p><label for=\"contact-name\">Nombre y Apellidos *<\/label><br \/>\n<span class=\"wpcf7-form-control-wrap\" data-name=\"your-name\"><input size=\"40\" maxlength=\"400\" class=\"wpcf7-form-control wpcf7-text wpcf7-validates-as-required form-control\" id=\"contact-name\" aria-required=\"true\" aria-invalid=\"false\" value=\"\" type=\"text\" name=\"your-name\" \/><\/span>\n\t\t\t<\/p>\n\t\t<\/div>\n\t<\/div>\n\t<div class=\"col-lg-6\">\n\t\t<div class=\"form-group\">\n\t\t\t<p><label for=\"contact-email\">Correo Electr\u00f3nico *<\/label><br \/>\n<span class=\"wpcf7-form-control-wrap\" data-name=\"your-email\"><input size=\"40\" maxlength=\"400\" class=\"wpcf7-form-control wpcf7-email wpcf7-validates-as-required wpcf7-text wpcf7-validates-as-email form-control\" id=\"contact-email\" aria-required=\"true\" aria-invalid=\"false\" value=\"\" type=\"email\" name=\"your-email\" \/><\/span>\n\t\t\t<\/p>\n\t\t<\/div>\n\t<\/div>\n\t<div class=\"col-lg-6\">\n\t\t<div class=\"form-group\">\n\t\t\t<p><label for=\"contact-email\">Tel\u00e9fono de Contacto<\/label><br \/>\n<span class=\"wpcf7-form-control-wrap\" data-name=\"telefon\"><input size=\"40\" maxlength=\"400\" class=\"wpcf7-form-control wpcf7-tel wpcf7-text wpcf7-validates-as-tel form-control\" aria-invalid=\"false\" value=\"\" type=\"tel\" name=\"telefon\" \/><\/span>\n\t\t\t<\/p>\n\t\t<\/div>\n\t<\/div>\n\t<div class=\"col-lg-6\">\n\t\t<div class=\"form-group\">\n\t\t\t<p><label for=\"contact-subject\">\u00bfQu\u00e9 tipo de celebraci\u00f3n est\u00e1s preparando?<\/label><br \/>\n<span class=\"wpcf7-form-control-wrap\" data-name=\"celebracio\"><select class=\"wpcf7-form-control wpcf7-select wpcf7-validates-as-required form-control\" id=\"regim\" aria-required=\"true\" aria-invalid=\"false\" name=\"celebracio\"><option value=\"Boda\">Boda<\/option><option value=\"Comuni\u00f3n\">Comuni\u00f3n<\/option><option value=\"Bautizo\">Bautizo<\/option><option value=\"Aniversario\">Aniversario<\/option><option value=\"Otras Celebraciones\">Otras Celebraciones<\/option><\/select><\/span>\n\t\t\t<\/p>\n\t\t<\/div>\n\t<\/div>\n\t<div class=\"col-lg-6\">\n\t\t<div class=\"form-group\">\n\t\t\t<p><label for=\"contact-subject\">N\u00famero aproximado de comensales *<\/label><br \/>\n<span class=\"wpcf7-form-control-wrap\" data-name=\"comensals\"><input class=\"wpcf7-form-control wpcf7-number wpcf7-validates-as-required wpcf7-validates-as-number form-control\" id=\"contact-subject\" aria-required=\"true\" aria-invalid=\"false\" value=\"\" type=\"number\" name=\"comensals\" \/><\/span>\n\t\t\t<\/p>\n\t\t<\/div>\n\t<\/div>\n\t<div class=\"col-lg-6\">\n\t\t<div class=\"form-group\">\n\t\t\t<p><label for=\"contact-name\">Fecha de la celebraci\u00f3n<\/label><br \/>\n<span class=\"wpcf7-form-control-wrap\" data-name=\"data-celebracio\"><input class=\"wpcf7-form-control wpcf7-date wpcf7-validates-as-required wpcf7-validates-as-date form-control\" id=\"data-celebracio\" aria-required=\"true\" aria-invalid=\"false\" value=\"\" type=\"date\" name=\"data-celebracio\" \/><\/span>\n\t\t\t<\/p>\n\t\t<\/div>\n\t<\/div>\n\t<div class=\"col-lg-6\">\n\t\t<div class=\"form-group\">\n\t\t\t<p><label for=\"contact-subject\">\u00bfComida o Cena?<\/label><br \/>\n<span class=\"wpcf7-form-control-wrap\" data-name=\"apat\"><select class=\"wpcf7-form-control wpcf7-select wpcf7-validates-as-required form-control\" aria-required=\"true\" aria-invalid=\"false\" name=\"apat\"><option value=\"Comida\">Comida<\/option><option value=\"Cena\">Cena<\/option><\/select><\/span>\n\t\t\t<\/p>\n\t\t<\/div>\n\t<\/div>\n\t<div class=\"col-lg-12\">\n\t\t<div class=\"form-group\">\n\t\t\t<p><label for=\"contact-message\">Cu\u00e9ntanos m\u00e1s detalles de lo que est\u00e1s planeando<\/label><br \/>\n<span class=\"wpcf7-form-control-wrap\" data-name=\"your-message\"><textarea cols=\"40\" rows=\"3\" maxlength=\"2000\" class=\"wpcf7-form-control wpcf7-textarea wpcf7-validates-as-required form-control\" id=\"contact-message\" aria-required=\"true\" aria-invalid=\"false\" name=\"your-message\"><\/textarea><\/span>\n\t\t\t<\/p>\n\t\t<\/div>\n\t<\/div>\n\t<div class=\"col-lg-12\">\n\t\t<div class=\"form-group\">\n\t\t\t<p><span class=\"wpcf7-form-control-wrap\" data-name=\"acepta-rgpd\"><span class=\"wpcf7-form-control wpcf7-acceptance\"><span class=\"wpcf7-list-item\"><label><input type=\"checkbox\" name=\"acepta-rgpd\" value=\"1\" aria-invalid=\"false\" \/><span class=\"wpcf7-list-item-label\">He le\u00eddo y acepto el<a class=\"link-form\" href=\"https:\/\/alberglarapita.com\/es\/aviso-legal-y-politica-de-privacidad\/\">Aviso Legal y Pol\u00edtica de Privacidad<\/a>.<\/span><\/label><\/span><\/span><\/span><br \/>\n<span class=\"wpcf7-form-control-wrap\" data-name=\"acepta-butlleti\"><span class=\"wpcf7-form-control wpcf7-checkbox\"><span class=\"wpcf7-list-item first last\"><input type=\"checkbox\" name=\"acepta-butlleti[]\" value=\"Quiero suscribirme al bolet\u00edn electr\u00f3nico y recibir comunicaciones promocionales del Alberg la R\u00e1pita.\" \/><span class=\"wpcf7-list-item-label\">Quiero suscribirme al bolet\u00edn electr\u00f3nico y recibir comunicaciones promocionales del Alberg la R\u00e1pita.<\/span><\/span><\/span><\/span>\n\t\t\t<\/p>\n\t\t<\/div>\n\t<\/div>\n\t<div class=\"col-lg-12\">\n\t\t<div class=\"form-group\">\n\t\t\t<p>NOTA: El envio de este formulario no implica la formalizaci\u00f3n de la reserva. Nos pondremos en contacto contigo para proporcionarte m\u00e1s informaci\u00f3n y confirmarla.\n\t\t\t<\/p>\n\t\t<\/div>\n\t<\/div>\n\t<div class=\"col-lg-12\">\n\t\t<div class=\"form-group\">\n\t\t\t<p><input class=\"wpcf7-form-control wpcf7-submit has-spinner btn btn-primary\" type=\"submit\" value=\"Enviar solicitud de informaci\u00f3n\" \/>\n\t\t\t<\/p>\n\t\t<\/div>\n\t<\/div>\n<\/div><div class=\"wpcf7-response-output\" aria-hidden=\"true\"><\/div>\n<\/form>\n<\/div>\n[\/vc_column][vc_column width=\u00bb1\/12&#8243;][\/vc_column][vc_column width=\u00bb1\/3&#8243;][vc_custom_heading text=\u00bbOTROS M\u00c9TODOS DE CONTACTO\u00bb font_container=\u00bbtag:h3|text_align:left\u00bb use_theme_fonts=\u00bbyes\u00bb el_class=\u00bbm-t-lg m-b-md\u00bb][vc_custom_heading text=\u00bbTEL\u00c9FONOS\u00bb font_container=\u00bbtag:h5|text_align:left\u00bb use_theme_fonts=\u00bbyes\u00bb el_class=\u00bbm-t-lg m-b-xs\u00bb][vc_column_text]<i class=\"fa fa-phone\"><\/i> +34 977 741 788 &#8211; 630 438 398[\/vc_column_text][vc_custom_heading text=\u00bbCORREO ELECTR\u00d3NICO\u00bb font_container=\u00bbtag:h5|text_align:left\u00bb use_theme_fonts=\u00bbyes\u00bb el_class=\u00bbm-t-lg m-b-xs\u00bb][vc_column_text]<i class=\"fa fa-envelope\"><\/i> alberglarapita@alberglarapita.com[\/vc_column_text][vc_custom_heading text=\u00bbVIS\u00cdTANOS\u00bb font_container=\u00bbtag:h5|text_align:left\u00bb use_theme_fonts=\u00bbyes\u00bb el_class=\u00bbm-t-lg m-b-xs\u00bb][vc_column_text el_class=\u00bbm-b\u00bb]<i class=\"fa fa-map-marker\"><\/i> Cam\u00ed de Lligallo, s\/n<br \/>\n43540 San Carlos De La R\u00e1pita (Tarragona)[\/vc_column_text]<div id='wrap_map_69e4e5dd66aa7' class='porto-map-wrapper porto-adjust-bottom-margin ' style='height:200px;'><div id='map_69e4e5dd66aa7' data-map_override='0' class='porto_google_map' style='width:100%;height:200px;'><\/div><\/div><script>\n( function() {\n\tvar porto_init_map = function() {\n\t\t( function( $ ) {\n\t\t\t'use strict';\n\t\t\tif (typeof google == 'undefined') {\n\t\t\t\treturn;\n\t\t\t}\n\t\t\tvar map_map_69e4e5dd66aa7 = null;\n\t\t\tvar coordinate_map_69e4e5dd66aa7;\n\t\t\ttry {\n\t\t\t\tcoordinate_map_69e4e5dd66aa7=new google.maps.LatLng(40.640335, 0.586867);\n\t\t\t\tvar isDraggable = $(document).width() > 640 ? true : true;\n\t\t\t\tvar mapOptions = {\n\t\t\t\t\tzoom: 16,\n\t\t\t\t\tcenter: coordinate_map_69e4e5dd66aa7,\n\t\t\t\t\tscaleControl: true,\n\t\t\t\t\tstreetViewControl: false,\n\t\t\t\t\tmapTypeControl: false,\n\t\t\t\t\tpanControl: true,\n\t\t\t\t\tzoomControl: false,\n\t\t\t\t\tscrollwheel: false,\n\t\t\t\t\tdraggable: isDraggable,\n\t\t\t\t\tzoomControlOptions: {\n\t\t\t\t\t\tposition: google.maps.ControlPosition.RIGHT_BOTTOM\n\t\t\t\t\t},mapTypeId: google.maps.MapTypeId.ROADMAP,};var map_map_69e4e5dd66aa7 = new google.maps.Map(document.getElementById('map_69e4e5dd66aa7'),mapOptions);\n\t\t\t\t\t\tvar x = 'on';\n\t\t\t\t\t\tvar marker_map_69e4e5dd66aa7 = new google.maps.Marker({\n\t\t\t\t\t\tposition: new google.maps.LatLng(40.640335, 0.586867),\n\t\t\t\t\t\tanimation:  google.maps.Animation.DROP,\n\t\t\t\t\t\tmap: map_map_69e4e5dd66aa7,\n\t\t\t\t\t\ticon: 'https:\/\/alberglarapita.com\/wp-content\/uploads\/2016\/08\/pin.png'\n\t\t\t\t\t});\n\t\t\t\t\tgoogle.maps.event.addListener(marker_map_69e4e5dd66aa7, 'click', toggleBounce);var infowindow = new google.maps.InfoWindow();\n\t\t\t\t\t\t\tinfowindow.setContent('<div class=\"map_info_text\" style=\\'color:#000;\\'><strong>Porto Restaurant<\/strong><br \/> New York, NY 10017<\/div>');google.maps.event.addListener(marker_map_69e4e5dd66aa7, 'click', function() {\n\t\t\t\t\t\t\t\tinfowindow.open(map_map_69e4e5dd66aa7,marker_map_69e4e5dd66aa7);\n\t\t\t\t\t\t\t});}\n\t\t\tcatch(e){};\n\t\t\tgoogle.maps.event.trigger(map_map_69e4e5dd66aa7, 'resize');\n\t\t\t$(window).on('resize', function(){\n\t\t\t\tgoogle.maps.event.trigger(map_map_69e4e5dd66aa7, 'resize');\n\t\t\t\tif(map_map_69e4e5dd66aa7!=null) {\n\t\t\t\t\tmap_map_69e4e5dd66aa7.setCenter(coordinate_map_69e4e5dd66aa7);\n\t\t\t\t}\n\t\t\t});\n\t\t\t$('.ui-tabs').on('tabsactivate', function(event, ui) {\n\t\t\t   if($(this).find('.porto-map-wrapper').length > 0)\n\t\t\t\t{\n\t\t\t\t\tsetTimeout(function(){\n\t\t\t\t\t\t$(window).trigger('resize');\n\t\t\t\t\t},200);\n\t\t\t\t}\n\t\t\t});\n\t\t\t$('.ui-accordion').on('accordionactivate', function(event, ui) {\n\t\t\t\tif($(this).find('.porto-map-wrapper').length > 0) {\n\t\t\t\t\tsetTimeout(function(){\n\t\t\t\t\t\t$(window).trigger('resize');\n\t\t\t\t\t},200);\n\t\t\t\t}\n\t\t\t});\n\t\t\t$(document).on('onPortoModalPopupOpen', function(){\n\t\t\t\tif($(map_map_69e4e5dd66aa7).parents('.porto_modal-content')) {\n\t\t\t\t\tsetTimeout(function(){\n\t\t\t\t\t\t$(window).trigger('resize');\n\t\t\t\t\t},200);\n\t\t\t\t}\n\t\t\t});\n\t\t\tfunction toggleBounce() {\n\t\t\t\tif (marker_map_69e4e5dd66aa7.getAnimation() != null) {\n\t\t\t\t\tmarker_map_69e4e5dd66aa7.setAnimation(null);\n\t\t\t\t} else {\n\t\t\t\t\tmarker_map_69e4e5dd66aa7.setAnimation(google.maps.Animation.BOUNCE);\n\t\t\t\t}\n\t\t\t}\n\t\t} )( window.jQuery );\n\t};\n\n\tif ( window.jQuery ) {\n\t\tporto_init_map();\n\t} else {\n\t\tdocument.addEventListener( 'DOMContentLoaded', porto_init_map );\n\t}\n\n\twindow.addEventListener( 'load', function() {\n\t\tsetTimeout( function() {\n\t\t\tjQuery( window ).trigger( 'resize' );\n\t\t}, 200 );\n\t} );\n} )();\n<\/script><div class=\"porto-btn-ctn-center \"><a class=\"porto-btn porto-adjust-bottom-margin porto-btn-normal porto-btn-fade-bg   wpb_custom_fa51088c2567b780100c1edcf8821d3b  porto-btn-center  \" title=\"Com arribar a l&#039;Alberg. Indicacions a Google Maps.\" rel=\"noopener\" href=\"https:\/\/www.google.es\/maps\/dir\/\/Restaurant+L%C2%B4alberg\/@40.6403297,0.5518477,13z\/data=!4m9!4m8!1m0!1m5!1m1!1s0x0:0xe8551a234bc0cccb!2m2!1d0.586867!2d40.640335!3e0\" data-hover=\"\" data-border-color=\"\" data-bg=\"#691411\" data-hover-bg=\"#9c8516\" data-border-hover=\"\" data-shadow-click=\"none\" data-shadow=\"\" style=\"border:none;background: #691411;color: #ffffff;\" target=\"_blank\"><span class=\"porto-btn-hover\" style=\"background-color:#9c8516\"><\/span><span class=\"porto-btn-data porto-btn-text \" >\u00bfC\u00f3mo llegar?<\/span><\/a><\/div>[\/vc_column][\/vc_row]<\/p>\n<\/div>","protected":false},"excerpt":{"rendered":"<p>[vc_row][vc_column][vc_custom_heading text=\u00bbSolicitud de M\u00e1s informaci\u00f3n \u00bb font_container=\u00bbtag:h2|text_align:center\u00bb use_theme_fonts=\u00bbyes\u00bb el_class=\u00bbm-t-xxl m-b-sm\u00bb][vc_column_text] Rellena el formulario para solicitar m\u00e1s informaci\u00f3n sobre la disponibilidad, tarifas y opciones que os ofrecemos. Nos pondremos en contacto con usted para analizar su petici\u00f3n. O si lo prefieres, utiliza cualquier de los medios de contacto que os proponemos. [\/vc_column_text][vc_separator color=\u00bbcustom\u00bb style=\u00bbpattern\u00bb pattern_repeat=\u00bbno-repeat\u00bb pattern_position=\u00bbcenter [&hellip;]<\/p>\n","protected":false},"author":1,"featured_media":0,"parent":2588,"menu_order":0,"comment_status":"closed","ping_status":"closed","template":"","meta":{"_joinchat":[],"footnotes":""},"class_list":["post-2601","page","type-page","status-publish","hentry"],"_links":{"self":[{"href":"https:\/\/alberglarapita.com\/es\/wp-json\/wp\/v2\/pages\/2601","targetHints":{"allow":["GET"]}}],"collection":[{"href":"https:\/\/alberglarapita.com\/es\/wp-json\/wp\/v2\/pages"}],"about":[{"href":"https:\/\/alberglarapita.com\/es\/wp-json\/wp\/v2\/types\/page"}],"author":[{"embeddable":true,"href":"https:\/\/alberglarapita.com\/es\/wp-json\/wp\/v2\/users\/1"}],"replies":[{"embeddable":true,"href":"https:\/\/alberglarapita.com\/es\/wp-json\/wp\/v2\/comments?post=2601"}],"version-history":[{"count":0,"href":"https:\/\/alberglarapita.com\/es\/wp-json\/wp\/v2\/pages\/2601\/revisions"}],"up":[{"embeddable":true,"href":"https:\/\/alberglarapita.com\/es\/wp-json\/wp\/v2\/pages\/2588"}],"wp:attachment":[{"href":"https:\/\/alberglarapita.com\/es\/wp-json\/wp\/v2\/media?parent=2601"}],"curies":[{"name":"wp","href":"https:\/\/api.w.org\/{rel}","templated":true}]}}