{"id":2748,"date":"2019-09-30T19:10:36","date_gmt":"2019-09-30T17:10:36","guid":{"rendered":"https:\/\/new.alberglarapita.com\/aviso-legal-y-politica-de-privacidad\/"},"modified":"2019-12-20T18:08:52","modified_gmt":"2019-12-20T17:08:52","slug":"aviso-legal-y-politica-de-privacidad","status":"publish","type":"page","link":"https:\/\/alberglarapita.com\/es\/aviso-legal-y-politica-de-privacidad\/","title":{"rendered":"Aviso Legal y Pol\u00edtica de Privacidad"},"content":{"rendered":"<div class=\"wpb-content-wrapper\"><p>[vc_row wrap_container=\u00bbyes\u00bb el_class=\u00bbp-t-xxl p-b-md\u00bb][vc_column][vc_column_text]<\/p>\n<h4>INFORMACI\u00d3N LEGAL LSSIYCE<\/h4>\n<p>De acuerdo con las obligaciones previstas en la Ley 34\/2002, de servicios de la Sociedad de la Informaci\u00f3n y del comercio electr\u00f3nico (en adelante LSSIYCE), D.E.A.C.C., SRL \u00a0manifiesta que el dominiowww.alberglarapita.com es propiedad de D.E.A.C.C., SRL, con CIF: B43411479, y domicilio en: PARTIDA MALLADA BELLA, s\/n\/ 43540 SANT CARLES DE LA R\u00c0PITA (TARRAGONA).<\/p>\n<p>D.E.A.C.C., SRL no puede asumir ninguna responsabilidad derivada del uso incorrecto, inapropiado o il\u00edcito de la informaci\u00f3n aparecida en sus p\u00e1ginas.<\/p>\n<p>Con los l\u00edmites establecidos en la ley, D.E.A.C.C., SRL no asume ninguna responsabilidad derivada de la falta de veracidad, integridad, actualizaci\u00f3n y precisi\u00f3n de los datos o informaciones que se contienen en sus p\u00e1ginas de Internet. Los contenidos e informaci\u00f3n de las p\u00e1ginas de Internet de D.E.A.C.C., SRL est\u00e1n elaborados por profesionales debidamente cualificados para el ejercicio de su profesi\u00f3n. Sin embargo, los contenidos e informaci\u00f3n no vinculan a la susodicha, ni constituyen opiniones, consejos o asesoramiento legal de ning\u00fan tipo, pues se trata meramente de un servicio ofrecido con car\u00e1cter informativo y divulgativo.<\/p>\n<p>Las p\u00e1ginas de Internet de D.E.A.C.C., SRL pueden contener enlaces (links) a otras p\u00e1ginas de terceras. Por lo tanto, \u00e9sta no puede asumir responsabilidades por el contenido que pueda aparecer en p\u00e1ginas de terceros. Los textos, im\u00e1genes, sonidos, animaciones, software y el resto de contenidos incluidos en este website son propiedad exclusiva de D.E.A.C.C., SRL o sus licenciantes. Cualquier acto de transmisi\u00f3n, distribuci\u00f3n, cesi\u00f3n, reproducci\u00f3n, almacenamiento o comunicaci\u00f3n p\u00fablica total o parcial, debe contar con el consentimiento expreso de D.E.A.C.C., SRL.<\/p>\n<p>&nbsp;<\/p>\n<h4>PROTECCI\u00d3N DE DATOS PERSONALES<\/h4>\n<p>En virtud de la normativa de Protecci\u00f3n de Datos de Car\u00e1cter Personal, por la presente autoriza a que los datos personales facilitados sean incorporados en un fichero denominado Contactos responsabilidad de D.E.A.C.C., SRL, CIF: B43411479 y sede social en PARTIDA MALLADA BELLA, s\/n\/ 43540 SANT CARLES DE LA R\u00c0PITA (TARRAGONA).<\/p>\n<p>La finalidad de este tratamiento es la gesti\u00f3n y control del correo electr\u00f3nico as\u00ed como la agenda de contactos as\u00ed como el env\u00edo de informaci\u00f3n sobre ofertas y promociones\u00a0 y atender su petici\u00f3n. Estos datos no ser\u00e1n transmitidos a terceras personas y ser\u00e1n conservados siempre que sea imprescindible o leg\u00edtimo por la finalidad que se captaron.<\/p>\n<p>En cualquier caso podr\u00e1 indicar la revocaci\u00f3n del consentimiento otorgado, as\u00ed como ejercitar los derechos de acceso, rectificaci\u00f3n o supresi\u00f3n, la limitaci\u00f3n del tratamiento u oponerse, as\u00ed como el derecho a la portabilidad de los datos. Estas peticiones ser\u00e1 necesario que se realicen en PARTIDA MALLADA BELLA, s\/n\/ 43540 SANT CARLES DE LA R\u00c0PITA (TARRAGONA) o bien enviando un correo electr\u00f3nico en:\u00a0alberglarapita@alberglarapita.com.<\/p>\n<p>Asimismo podr\u00e1 presentar una reclamaci\u00f3n ante la Agencia Espa\u00f1ola de Protecci\u00f3n de Datos.<\/p>\n<p>&nbsp;<\/p>\n<h4>PROPIEDAD INDUSTRIAL E INTELECTUAL<\/h4>\n<p>Esta web es propiedad de D.E.A.C.C., SRL Los derechos de Propiedad Intelectual y derechos de explotaci\u00f3n y reproducci\u00f3n de esta web, de sus p\u00e1ginas, pantallas, la Informaci\u00f3n que contienen, su apariencia y dise\u00f1o, as\u00ed como los v\u00ednculos (\u00abhiperlinks\u00bb) que se establezcan desde ella a otras p\u00e1ginas web de cualquier sociedad filial y\/o dominada de D.E.A.C.C.,SRL, son propiedad exclusiva de \u00e9sta, salvo que expresamente se especifique otra cosa.<\/p>\n<p>Cualquier denominaci\u00f3n, dise\u00f1o y\/o logotipo, as\u00ed como cualquier producto o servicio ofrecidos y reflejados en esta p\u00e1gina web, son marcas debidamente registradas por D.E.A.C.C., SRL, por sus sociedades filiales y\/o dominadas o por terceros.<\/p>\n<p>Cualquier uso indebido de las mismas por personas diferentes de su leg\u00edtimo titular y sin el consentimiento expreso e inequ\u00edvoco por parte de \u00e9ste podr\u00e1 ser denunciado y perseguido a trav\u00e9s de todos los medio legales existentes en el Ordenamiento Jur\u00eddico espa\u00f1ol y\/o comunitario.<\/p>\n<p>Los derechos de propiedad intelectual y marcas de terceros est\u00e1n destacados convenientemente y deben ser respetados por todo aqu\u00e9l que acceda a esta p\u00e1gina, no siendo responsabilidad de D.E.A.C.C., SRL el uso que EL USUARIO pueda llevar a cabo al respecto, recayendo la responsabilidad exclusiva en su persona.<\/p>\n<p>S\u00f3lo para uso personal y privado se permite descargar los contenidos, copiar o imprimir cualquier p\u00e1gina de esta web. Queda prohibido reproducir, transmitir, modificar o suprimir la informaci\u00f3n, contenido o advertencias de esta web sin la previa autorizaci\u00f3n por escrito de D.E.A.C.C., SRL.<\/p>\n<p>D.E.A.C.C., SRL no transfiere a los usuarios la propiedad de su software. El usuario es el propietario del soporte en el cual el software es grabado. D.E.A.C.C., SRL\u00a0posee todos los derechos de propiedad industrial e intelectual, incluyendo el software. Si el usuario transfiere el software de este website a su terminal, no podr\u00e1 diseccionar para su estudio y descompilar, traducir la versi\u00f3n del c\u00f3digo objeto original o su lenguaje a otro c\u00f3digo o lenguaje.<\/p>\n<p>&nbsp;<\/p>\n<h4>LEY APLICABLE Y JURISDICCI\u00d3N<\/h4>\n<p>Las presentes condiciones generales se rigen por la Legislaci\u00f3n espa\u00f1ola, siendo competentes los Juzgados y Tribunales espa\u00f1oles para conocer de cuantas cuestiones se susciten sobre la interpretaci\u00f3n, aplicaci\u00f3n e cumplimiento de las mismas. EL USUARIO, por virtud de su aceptaci\u00f3n a las condiciones generales recogidas en este aviso legal, renuncia expresamente a cualquier fuero que, por aplicaci\u00f3n de la Ley de Enjuiciamiento Civil vigente pudiera corresponderles.[\/vc_column_text][\/vc_column][\/vc_row]<\/p>\n<\/div>","protected":false},"excerpt":{"rendered":"<p>[vc_row wrap_container=\u00bbyes\u00bb el_class=\u00bbp-t-xxl p-b-md\u00bb][vc_column][vc_column_text] INFORMACI\u00d3N LEGAL LSSIYCE De acuerdo con las obligaciones previstas en la Ley 34\/2002, de servicios de la Sociedad de la Informaci\u00f3n y del comercio electr\u00f3nico (en adelante LSSIYCE), D.E.A.C.C., SRL \u00a0manifiesta que el dominiowww.alberglarapita.com es propiedad de D.E.A.C.C., SRL, con CIF: B43411479, y domicilio en: PARTIDA MALLADA BELLA, s\/n\/ 43540 SANT [&hellip;]<\/p>\n","protected":false},"author":1,"featured_media":0,"parent":0,"menu_order":0,"comment_status":"closed","ping_status":"closed","template":"","meta":{"_joinchat":[],"footnotes":""},"class_list":["post-2748","page","type-page","status-publish","hentry"],"_links":{"self":[{"href":"https:\/\/alberglarapita.com\/es\/wp-json\/wp\/v2\/pages\/2748","targetHints":{"allow":["GET"]}}],"collection":[{"href":"https:\/\/alberglarapita.com\/es\/wp-json\/wp\/v2\/pages"}],"about":[{"href":"https:\/\/alberglarapita.com\/es\/wp-json\/wp\/v2\/types\/page"}],"author":[{"embeddable":true,"href":"https:\/\/alberglarapita.com\/es\/wp-json\/wp\/v2\/users\/1"}],"replies":[{"embeddable":true,"href":"https:\/\/alberglarapita.com\/es\/wp-json\/wp\/v2\/comments?post=2748"}],"version-history":[{"count":0,"href":"https:\/\/alberglarapita.com\/es\/wp-json\/wp\/v2\/pages\/2748\/revisions"}],"wp:attachment":[{"href":"https:\/\/alberglarapita.com\/es\/wp-json\/wp\/v2\/media?parent=2748"}],"curies":[{"name":"wp","href":"https:\/\/api.w.org\/{rel}","templated":true}]}}